{"id":103230,"date":"2026-04-30T06:31:21","date_gmt":"2026-04-30T04:31:21","guid":{"rendered":"https:\/\/hantom.ch\/product\/f0406501-reducteur-de-tension-pour-cables-sur-mat-sh709-cable-20-80mm-fixation-par-clous\/"},"modified":"2026-04-01T10:44:15","modified_gmt":"2026-04-01T08:44:15","slug":"f0406501-reducteur-de-tension-pour-cables-sur-mat-sh709-cable-20-80mm-fixation-par-clous","status":"publish","type":"product","link":"https:\/\/hantom.ch\/fr\/produit\/f0406501-reducteur-de-tension-pour-cables-sur-mat-sh709-cable-20-80mm-fixation-par-clous\/","title":{"rendered":"F0406501 &#8211; R\u00e9ducteur de tension pour c\u00e2bles sur m\u00e2t SH709, c\u00e2ble : 20-80mm, fixation par clous"},"content":{"rendered":"","protected":false},"excerpt":{"rendered":"","protected":false},"featured_media":73031,"template":"","meta":[],"product_brand":[],"product_cat":[1364,1369],"product_tag":[],"class_list":{"0":"post-103230","1":"product","2":"type-product","3":"status-publish","4":"has-post-thumbnail","6":"product_cat-f04-fr","7":"product_cat-f0406-fr","9":"first","10":"instock","11":"taxable","12":"shipping-taxable","13":"purchasable","14":"product-type-simple"},"_links":{"self":[{"href":"https:\/\/hantom.ch\/fr\/wp-json\/wp\/v2\/product\/103230","targetHints":{"allow":["GET"]}}],"collection":[{"href":"https:\/\/hantom.ch\/fr\/wp-json\/wp\/v2\/product"}],"about":[{"href":"https:\/\/hantom.ch\/fr\/wp-json\/wp\/v2\/types\/product"}],"wp:featuredmedia":[{"embeddable":true,"href":"https:\/\/hantom.ch\/fr\/wp-json\/wp\/v2\/media\/73031"}],"wp:attachment":[{"href":"https:\/\/hantom.ch\/fr\/wp-json\/wp\/v2\/media?parent=103230"}],"wp:term":[{"taxonomy":"product_brand","embeddable":true,"href":"https:\/\/hantom.ch\/fr\/wp-json\/wp\/v2\/product_brand?post=103230"},{"taxonomy":"product_cat","embeddable":true,"href":"https:\/\/hantom.ch\/fr\/wp-json\/wp\/v2\/product_cat?post=103230"},{"taxonomy":"product_tag","embeddable":true,"href":"https:\/\/hantom.ch\/fr\/wp-json\/wp\/v2\/product_tag?post=103230"}],"curies":[{"name":"wp","href":"https:\/\/api.w.org\/{rel}","templated":true}]}}