{"id":103231,"date":"2026-04-28T06:30:40","date_gmt":"2026-04-28T04:30:40","guid":{"rendered":"https:\/\/hantom.ch\/product\/f0406502-reducteur-de-tension-pour-cables-sur-mat-sh710-cable-20-80mm-fixation-avec-vis-m10-sur-rail\/"},"modified":"2026-04-01T10:44:16","modified_gmt":"2026-04-01T08:44:16","slug":"f0406502-reducteur-de-tension-pour-cables-sur-mat-sh710-cable-20-80mm-fixation-avec-vis-m10-sur-rail","status":"publish","type":"product","link":"https:\/\/hantom.ch\/fr\/produit\/f0406502-reducteur-de-tension-pour-cables-sur-mat-sh710-cable-20-80mm-fixation-avec-vis-m10-sur-rail\/","title":{"rendered":"F0406502 &#8211; R\u00e9ducteur de tension pour c\u00e2bles sur m\u00e2t SH710, c\u00e2ble : 20-80mm, fixation avec vis M10 sur rail"},"content":{"rendered":"","protected":false},"excerpt":{"rendered":"","protected":false},"featured_media":73032,"template":"","meta":[],"product_brand":[],"product_cat":[1364,1369],"product_tag":[],"class_list":{"0":"post-103231","1":"product","2":"type-product","3":"status-publish","4":"has-post-thumbnail","6":"product_cat-f04-fr","7":"product_cat-f0406-fr","9":"first","10":"instock","11":"taxable","12":"shipping-taxable","13":"purchasable","14":"product-type-simple"},"_links":{"self":[{"href":"https:\/\/hantom.ch\/fr\/wp-json\/wp\/v2\/product\/103231","targetHints":{"allow":["GET"]}}],"collection":[{"href":"https:\/\/hantom.ch\/fr\/wp-json\/wp\/v2\/product"}],"about":[{"href":"https:\/\/hantom.ch\/fr\/wp-json\/wp\/v2\/types\/product"}],"wp:featuredmedia":[{"embeddable":true,"href":"https:\/\/hantom.ch\/fr\/wp-json\/wp\/v2\/media\/73032"}],"wp:attachment":[{"href":"https:\/\/hantom.ch\/fr\/wp-json\/wp\/v2\/media?parent=103231"}],"wp:term":[{"taxonomy":"product_brand","embeddable":true,"href":"https:\/\/hantom.ch\/fr\/wp-json\/wp\/v2\/product_brand?post=103231"},{"taxonomy":"product_cat","embeddable":true,"href":"https:\/\/hantom.ch\/fr\/wp-json\/wp\/v2\/product_cat?post=103231"},{"taxonomy":"product_tag","embeddable":true,"href":"https:\/\/hantom.ch\/fr\/wp-json\/wp\/v2\/product_tag?post=103231"}],"curies":[{"name":"wp","href":"https:\/\/api.w.org\/{rel}","templated":true}]}}