{"id":103251,"date":"2026-04-15T06:31:34","date_gmt":"2026-04-15T04:31:34","guid":{"rendered":"https:\/\/hantom.ch\/product\/f0407106-plaque-a-numeros-pem241-6-numero-6-bleu\/"},"modified":"2026-04-01T10:44:31","modified_gmt":"2026-04-01T08:44:31","slug":"f0407106-plaque-a-numeros-pem241-6-numero-6-bleu","status":"publish","type":"product","link":"https:\/\/hantom.ch\/fr\/produit\/f0407106-plaque-a-numeros-pem241-6-numero-6-bleu\/","title":{"rendered":"F0407106 &#8211; Plaque \u00e0 num\u00e9ros PEM241.6, num\u00e9ro 6, bleu"},"content":{"rendered":"<p>1 pce<\/p>\n","protected":false},"excerpt":{"rendered":"<p>1 pce<\/p>\n","protected":false},"featured_media":70185,"template":"","meta":[],"product_brand":[],"product_cat":[1364,1370],"product_tag":[],"class_list":{"0":"post-103251","1":"product","2":"type-product","3":"status-publish","4":"has-post-thumbnail","6":"product_cat-f04-fr","7":"product_cat-f0407-fr","9":"first","10":"instock","11":"taxable","12":"shipping-taxable","13":"purchasable","14":"product-type-simple"},"_links":{"self":[{"href":"https:\/\/hantom.ch\/fr\/wp-json\/wp\/v2\/product\/103251","targetHints":{"allow":["GET"]}}],"collection":[{"href":"https:\/\/hantom.ch\/fr\/wp-json\/wp\/v2\/product"}],"about":[{"href":"https:\/\/hantom.ch\/fr\/wp-json\/wp\/v2\/types\/product"}],"wp:featuredmedia":[{"embeddable":true,"href":"https:\/\/hantom.ch\/fr\/wp-json\/wp\/v2\/media\/70185"}],"wp:attachment":[{"href":"https:\/\/hantom.ch\/fr\/wp-json\/wp\/v2\/media?parent=103251"}],"wp:term":[{"taxonomy":"product_brand","embeddable":true,"href":"https:\/\/hantom.ch\/fr\/wp-json\/wp\/v2\/product_brand?post=103251"},{"taxonomy":"product_cat","embeddable":true,"href":"https:\/\/hantom.ch\/fr\/wp-json\/wp\/v2\/product_cat?post=103251"},{"taxonomy":"product_tag","embeddable":true,"href":"https:\/\/hantom.ch\/fr\/wp-json\/wp\/v2\/product_tag?post=103251"}],"curies":[{"name":"wp","href":"https:\/\/api.w.org\/{rel}","templated":true}]}}