{"id":103274,"date":"2026-05-02T06:46:04","date_gmt":"2026-05-02T04:46:04","guid":{"rendered":"https:\/\/hantom.ch\/product\/f0407200-plaque-de-securite-numerotee-pem493-text-25-a-35-a\/"},"modified":"2026-04-01T10:44:51","modified_gmt":"2026-04-01T08:44:51","slug":"f0407200-plaque-de-securite-numerotee-pem493-text-25-a-35-a","status":"publish","type":"product","link":"https:\/\/hantom.ch\/fr\/produit\/f0407200-plaque-de-securite-numerotee-pem493-text-25-a-35-a\/","title":{"rendered":"F0407200 &#8211; Plaque de s\u00e9curit\u00e9 num\u00e9rot\u00e9e PEM493, Text: 25 A \/ 35 A"},"content":{"rendered":"","protected":false},"excerpt":{"rendered":"","protected":false},"featured_media":63175,"template":"","meta":[],"product_brand":[],"product_cat":[1364,1370],"product_tag":[],"class_list":{"0":"post-103274","1":"product","2":"type-product","3":"status-publish","4":"has-post-thumbnail","6":"product_cat-f04-fr","7":"product_cat-f0407-fr","9":"first","10":"instock","11":"taxable","12":"shipping-taxable","13":"purchasable","14":"product-type-simple"},"_links":{"self":[{"href":"https:\/\/hantom.ch\/fr\/wp-json\/wp\/v2\/product\/103274","targetHints":{"allow":["GET"]}}],"collection":[{"href":"https:\/\/hantom.ch\/fr\/wp-json\/wp\/v2\/product"}],"about":[{"href":"https:\/\/hantom.ch\/fr\/wp-json\/wp\/v2\/types\/product"}],"wp:featuredmedia":[{"embeddable":true,"href":"https:\/\/hantom.ch\/fr\/wp-json\/wp\/v2\/media\/63175"}],"wp:attachment":[{"href":"https:\/\/hantom.ch\/fr\/wp-json\/wp\/v2\/media?parent=103274"}],"wp:term":[{"taxonomy":"product_brand","embeddable":true,"href":"https:\/\/hantom.ch\/fr\/wp-json\/wp\/v2\/product_brand?post=103274"},{"taxonomy":"product_cat","embeddable":true,"href":"https:\/\/hantom.ch\/fr\/wp-json\/wp\/v2\/product_cat?post=103274"},{"taxonomy":"product_tag","embeddable":true,"href":"https:\/\/hantom.ch\/fr\/wp-json\/wp\/v2\/product_tag?post=103274"}],"curies":[{"name":"wp","href":"https:\/\/api.w.org\/{rel}","templated":true}]}}