{"id":103275,"date":"2026-05-02T06:46:06","date_gmt":"2026-05-02T04:46:06","guid":{"rendered":"https:\/\/hantom.ch\/product\/f0407201-plaque-de-securite-numerotee-pem494-text-50-a-63-a\/"},"modified":"2026-04-01T10:44:51","modified_gmt":"2026-04-01T08:44:51","slug":"f0407201-plaque-de-securite-numerotee-pem494-text-50-a-63-a","status":"publish","type":"product","link":"https:\/\/hantom.ch\/fr\/produit\/f0407201-plaque-de-securite-numerotee-pem494-text-50-a-63-a\/","title":{"rendered":"F0407201 &#8211; Plaque de s\u00e9curit\u00e9 num\u00e9rot\u00e9e PEM494, Text: 50 A \/ 63 A"},"content":{"rendered":"","protected":false},"excerpt":{"rendered":"","protected":false},"featured_media":63173,"template":"","meta":[],"product_brand":[],"product_cat":[1364,1370],"product_tag":[],"class_list":{"0":"post-103275","1":"product","2":"type-product","3":"status-publish","4":"has-post-thumbnail","6":"product_cat-f04-fr","7":"product_cat-f0407-fr","9":"first","10":"instock","11":"taxable","12":"shipping-taxable","13":"purchasable","14":"product-type-simple"},"_links":{"self":[{"href":"https:\/\/hantom.ch\/fr\/wp-json\/wp\/v2\/product\/103275","targetHints":{"allow":["GET"]}}],"collection":[{"href":"https:\/\/hantom.ch\/fr\/wp-json\/wp\/v2\/product"}],"about":[{"href":"https:\/\/hantom.ch\/fr\/wp-json\/wp\/v2\/types\/product"}],"wp:featuredmedia":[{"embeddable":true,"href":"https:\/\/hantom.ch\/fr\/wp-json\/wp\/v2\/media\/63173"}],"wp:attachment":[{"href":"https:\/\/hantom.ch\/fr\/wp-json\/wp\/v2\/media?parent=103275"}],"wp:term":[{"taxonomy":"product_brand","embeddable":true,"href":"https:\/\/hantom.ch\/fr\/wp-json\/wp\/v2\/product_brand?post=103275"},{"taxonomy":"product_cat","embeddable":true,"href":"https:\/\/hantom.ch\/fr\/wp-json\/wp\/v2\/product_cat?post=103275"},{"taxonomy":"product_tag","embeddable":true,"href":"https:\/\/hantom.ch\/fr\/wp-json\/wp\/v2\/product_tag?post=103275"}],"curies":[{"name":"wp","href":"https:\/\/api.w.org\/{rel}","templated":true}]}}