{"id":103278,"date":"2026-04-30T06:45:46","date_gmt":"2026-04-30T04:45:46","guid":{"rendered":"https:\/\/hantom.ch\/product\/f0407204-plaque-de-securite-numerotee-pem497-text-200-a-250-a\/"},"modified":"2026-04-01T10:44:53","modified_gmt":"2026-04-01T08:44:53","slug":"f0407204-plaque-de-securite-numerotee-pem497-text-200-a-250-a","status":"publish","type":"product","link":"https:\/\/hantom.ch\/fr\/produit\/f0407204-plaque-de-securite-numerotee-pem497-text-200-a-250-a\/","title":{"rendered":"F0407204 &#8211; Plaque de s\u00e9curit\u00e9 num\u00e9rot\u00e9e PEM497, Text: 200 A \/ 250 A"},"content":{"rendered":"","protected":false},"excerpt":{"rendered":"","protected":false},"featured_media":63169,"template":"","meta":[],"product_brand":[],"product_cat":[1364,1370],"product_tag":[],"class_list":{"0":"post-103278","1":"product","2":"type-product","3":"status-publish","4":"has-post-thumbnail","6":"product_cat-f04-fr","7":"product_cat-f0407-fr","9":"first","10":"instock","11":"taxable","12":"shipping-taxable","13":"purchasable","14":"product-type-simple"},"_links":{"self":[{"href":"https:\/\/hantom.ch\/fr\/wp-json\/wp\/v2\/product\/103278","targetHints":{"allow":["GET"]}}],"collection":[{"href":"https:\/\/hantom.ch\/fr\/wp-json\/wp\/v2\/product"}],"about":[{"href":"https:\/\/hantom.ch\/fr\/wp-json\/wp\/v2\/types\/product"}],"wp:featuredmedia":[{"embeddable":true,"href":"https:\/\/hantom.ch\/fr\/wp-json\/wp\/v2\/media\/63169"}],"wp:attachment":[{"href":"https:\/\/hantom.ch\/fr\/wp-json\/wp\/v2\/media?parent=103278"}],"wp:term":[{"taxonomy":"product_brand","embeddable":true,"href":"https:\/\/hantom.ch\/fr\/wp-json\/wp\/v2\/product_brand?post=103278"},{"taxonomy":"product_cat","embeddable":true,"href":"https:\/\/hantom.ch\/fr\/wp-json\/wp\/v2\/product_cat?post=103278"},{"taxonomy":"product_tag","embeddable":true,"href":"https:\/\/hantom.ch\/fr\/wp-json\/wp\/v2\/product_tag?post=103278"}],"curies":[{"name":"wp","href":"https:\/\/api.w.org\/{rel}","templated":true}]}}