{"id":103279,"date":"2026-05-02T06:46:13","date_gmt":"2026-05-02T04:46:13","guid":{"rendered":"https:\/\/hantom.ch\/product\/f0407205-plaque-de-securite-numerotee-pem498-text-315-a-400-a\/"},"modified":"2026-04-01T10:44:53","modified_gmt":"2026-04-01T08:44:53","slug":"f0407205-plaque-de-securite-numerotee-pem498-text-315-a-400-a","status":"publish","type":"product","link":"https:\/\/hantom.ch\/fr\/produit\/f0407205-plaque-de-securite-numerotee-pem498-text-315-a-400-a\/","title":{"rendered":"F0407205 &#8211; Plaque de s\u00e9curit\u00e9 num\u00e9rot\u00e9e PEM498, Text: 315 A \/ 400 A"},"content":{"rendered":"","protected":false},"excerpt":{"rendered":"","protected":false},"featured_media":63170,"template":"","meta":[],"product_brand":[],"product_cat":[1364,1370],"product_tag":[],"class_list":{"0":"post-103279","1":"product","2":"type-product","3":"status-publish","4":"has-post-thumbnail","6":"product_cat-f04-fr","7":"product_cat-f0407-fr","9":"first","10":"instock","11":"taxable","12":"shipping-taxable","13":"purchasable","14":"product-type-simple"},"_links":{"self":[{"href":"https:\/\/hantom.ch\/fr\/wp-json\/wp\/v2\/product\/103279","targetHints":{"allow":["GET"]}}],"collection":[{"href":"https:\/\/hantom.ch\/fr\/wp-json\/wp\/v2\/product"}],"about":[{"href":"https:\/\/hantom.ch\/fr\/wp-json\/wp\/v2\/types\/product"}],"wp:featuredmedia":[{"embeddable":true,"href":"https:\/\/hantom.ch\/fr\/wp-json\/wp\/v2\/media\/63170"}],"wp:attachment":[{"href":"https:\/\/hantom.ch\/fr\/wp-json\/wp\/v2\/media?parent=103279"}],"wp:term":[{"taxonomy":"product_brand","embeddable":true,"href":"https:\/\/hantom.ch\/fr\/wp-json\/wp\/v2\/product_brand?post=103279"},{"taxonomy":"product_cat","embeddable":true,"href":"https:\/\/hantom.ch\/fr\/wp-json\/wp\/v2\/product_cat?post=103279"},{"taxonomy":"product_tag","embeddable":true,"href":"https:\/\/hantom.ch\/fr\/wp-json\/wp\/v2\/product_tag?post=103279"}],"curies":[{"name":"wp","href":"https:\/\/api.w.org\/{rel}","templated":true}]}}