{"id":103399,"date":"2026-04-17T06:46:28","date_gmt":"2026-04-17T04:46:28","guid":{"rendered":"https:\/\/hantom.ch\/product\/f0501006-systeme-de-protection-contre-les-arcs-electriques-sdi24-pour-isolateur-de-mat-de-ligne\/"},"modified":"2025-04-23T10:06:08","modified_gmt":"2025-04-23T08:06:08","slug":"f0501006-systeme-de-protection-contre-les-arcs-electriques-sdi24-pour-isolateur-de-mat-de-ligne","status":"publish","type":"product","link":"https:\/\/hantom.ch\/fr\/produit\/f0501006-systeme-de-protection-contre-les-arcs-electriques-sdi24-pour-isolateur-de-mat-de-ligne\/","title":{"rendered":"F0501006 &#8211; Syst\u00e8me de protection contre les arcs \u00e9lectriques SDI24, pour isolateur de m\u00e2t de ligne"},"content":{"rendered":"","protected":false},"excerpt":{"rendered":"","protected":false},"featured_media":73048,"template":"","meta":[],"product_brand":[],"product_cat":[1372,1373],"product_tag":[],"class_list":{"0":"post-103399","1":"product","2":"type-product","3":"status-publish","4":"has-post-thumbnail","6":"product_cat-f05-fr","7":"product_cat-f0501-fr","9":"first","10":"instock","11":"taxable","12":"shipping-taxable","13":"purchasable","14":"product-type-simple"},"_links":{"self":[{"href":"https:\/\/hantom.ch\/fr\/wp-json\/wp\/v2\/product\/103399","targetHints":{"allow":["GET"]}}],"collection":[{"href":"https:\/\/hantom.ch\/fr\/wp-json\/wp\/v2\/product"}],"about":[{"href":"https:\/\/hantom.ch\/fr\/wp-json\/wp\/v2\/types\/product"}],"wp:featuredmedia":[{"embeddable":true,"href":"https:\/\/hantom.ch\/fr\/wp-json\/wp\/v2\/media\/73048"}],"wp:attachment":[{"href":"https:\/\/hantom.ch\/fr\/wp-json\/wp\/v2\/media?parent=103399"}],"wp:term":[{"taxonomy":"product_brand","embeddable":true,"href":"https:\/\/hantom.ch\/fr\/wp-json\/wp\/v2\/product_brand?post=103399"},{"taxonomy":"product_cat","embeddable":true,"href":"https:\/\/hantom.ch\/fr\/wp-json\/wp\/v2\/product_cat?post=103399"},{"taxonomy":"product_tag","embeddable":true,"href":"https:\/\/hantom.ch\/fr\/wp-json\/wp\/v2\/product_tag?post=103399"}],"curies":[{"name":"wp","href":"https:\/\/api.w.org\/{rel}","templated":true}]}}