{"id":103494,"date":"2026-04-24T07:30:47","date_gmt":"2026-04-24T05:30:47","guid":{"rendered":"https:\/\/hantom.ch\/product\/f0503504-borne-de-connexion-a-fente-pour-les-lignes-aeriennes-section-35-mm2-diametre-de-conducteur-7-5-mm\/"},"modified":"2025-04-23T10:07:00","modified_gmt":"2025-04-23T08:07:00","slug":"f0503504-borne-de-connexion-a-fente-pour-les-lignes-aeriennes-section-35-mm2-diametre-de-conducteur-7-5-mm","status":"publish","type":"product","link":"https:\/\/hantom.ch\/fr\/produit\/f0503504-borne-de-connexion-a-fente-pour-les-lignes-aeriennes-section-35-mm2-diametre-de-conducteur-7-5-mm\/","title":{"rendered":"F0503504 &#8211; Borne de connexion \u00e0 fente pour les lignes a\u00e9riennes Section 35 mm2, diam\u00e8tre de conducteur 7.5 mm"},"content":{"rendered":"<p>Borne de connexion \u00e0 fente pour les lignes a\u00e9riennes<\/p>\n","protected":false},"excerpt":{"rendered":"<p>Borne de connexion \u00e0 fente pour les lignes a\u00e9riennes<\/p>\n","protected":false},"featured_media":75546,"template":"","meta":[],"product_brand":[],"product_cat":[1372,1375],"product_tag":[],"class_list":{"0":"post-103494","1":"product","2":"type-product","3":"status-publish","4":"has-post-thumbnail","6":"product_cat-f05-fr","7":"product_cat-f0503-fr","9":"first","10":"instock","11":"taxable","12":"shipping-taxable","13":"purchasable","14":"product-type-simple"},"_links":{"self":[{"href":"https:\/\/hantom.ch\/fr\/wp-json\/wp\/v2\/product\/103494","targetHints":{"allow":["GET"]}}],"collection":[{"href":"https:\/\/hantom.ch\/fr\/wp-json\/wp\/v2\/product"}],"about":[{"href":"https:\/\/hantom.ch\/fr\/wp-json\/wp\/v2\/types\/product"}],"wp:featuredmedia":[{"embeddable":true,"href":"https:\/\/hantom.ch\/fr\/wp-json\/wp\/v2\/media\/75546"}],"wp:attachment":[{"href":"https:\/\/hantom.ch\/fr\/wp-json\/wp\/v2\/media?parent=103494"}],"wp:term":[{"taxonomy":"product_brand","embeddable":true,"href":"https:\/\/hantom.ch\/fr\/wp-json\/wp\/v2\/product_brand?post=103494"},{"taxonomy":"product_cat","embeddable":true,"href":"https:\/\/hantom.ch\/fr\/wp-json\/wp\/v2\/product_cat?post=103494"},{"taxonomy":"product_tag","embeddable":true,"href":"https:\/\/hantom.ch\/fr\/wp-json\/wp\/v2\/product_tag?post=103494"}],"curies":[{"name":"wp","href":"https:\/\/api.w.org\/{rel}","templated":true}]}}