{"id":103505,"date":"2026-04-26T07:16:19","date_gmt":"2026-04-26T05:16:19","guid":{"rendered":"https:\/\/hantom.ch\/product\/f0503531-borne-de-connexion-contact-a-visser-conduct-principal-16-95mm2-deriv-16-95mm21\/"},"modified":"2025-04-23T10:07:05","modified_gmt":"2025-04-23T08:07:05","slug":"f0503531-borne-de-connexion-contact-a-visser-conduct-principal-16-95mm2-deriv-16-95mm21","status":"publish","type":"product","link":"https:\/\/hantom.ch\/fr\/produit\/f0503531-borne-de-connexion-contact-a-visser-conduct-principal-16-95mm2-deriv-16-95mm21\/","title":{"rendered":"F0503531 &#8211; Borne de connexion, contact \u00e0 visser Conduct. principal 16-95mm2 \/ D\u00e9riv. 16-95mm2(1)"},"content":{"rendered":"<p>Conduct. PE, N, PEN, Borne de connexion acier nu<br \/>Conducteur principal 16-95mm2<br \/>D\u00e9rivation 16-95mm2<br \/>Mat\u00e9riau de la borne: alliage de cuivre<br \/>Mat\u00e9riau de la vis : acier galvanis\u00e9<\/p>\n","protected":false},"excerpt":{"rendered":"<p>Conduct. PE, N, PEN, Borne de connexion acier nuConducteur principal 16-95mm2D\u00e9rivation 16-95mm2Mat\u00e9riau de la borne: alliage de cuivreMat\u00e9riau de la vis : acier galvanis\u00e9<\/p>\n","protected":false},"featured_media":75534,"template":"","meta":[],"product_brand":[],"product_cat":[1372,1375],"product_tag":[],"class_list":{"0":"post-103505","1":"product","2":"type-product","3":"status-publish","4":"has-post-thumbnail","6":"product_cat-f05-fr","7":"product_cat-f0503-fr","9":"first","10":"instock","11":"taxable","12":"shipping-taxable","13":"purchasable","14":"product-type-simple"},"_links":{"self":[{"href":"https:\/\/hantom.ch\/fr\/wp-json\/wp\/v2\/product\/103505","targetHints":{"allow":["GET"]}}],"collection":[{"href":"https:\/\/hantom.ch\/fr\/wp-json\/wp\/v2\/product"}],"about":[{"href":"https:\/\/hantom.ch\/fr\/wp-json\/wp\/v2\/types\/product"}],"wp:featuredmedia":[{"embeddable":true,"href":"https:\/\/hantom.ch\/fr\/wp-json\/wp\/v2\/media\/75534"}],"wp:attachment":[{"href":"https:\/\/hantom.ch\/fr\/wp-json\/wp\/v2\/media?parent=103505"}],"wp:term":[{"taxonomy":"product_brand","embeddable":true,"href":"https:\/\/hantom.ch\/fr\/wp-json\/wp\/v2\/product_brand?post=103505"},{"taxonomy":"product_cat","embeddable":true,"href":"https:\/\/hantom.ch\/fr\/wp-json\/wp\/v2\/product_cat?post=103505"},{"taxonomy":"product_tag","embeddable":true,"href":"https:\/\/hantom.ch\/fr\/wp-json\/wp\/v2\/product_tag?post=103505"}],"curies":[{"name":"wp","href":"https:\/\/api.w.org\/{rel}","templated":true}]}}