{"id":103540,"date":"2026-04-30T07:32:15","date_gmt":"2026-04-30T05:32:15","guid":{"rendered":"https:\/\/hantom.ch\/product\/f0504330-set-de-montage-element-de-liaison-mat-sh71-pour-sh70\/"},"modified":"2025-04-23T10:07:24","modified_gmt":"2025-04-23T08:07:24","slug":"f0504330-set-de-montage-element-de-liaison-mat-sh71-pour-sh70","status":"publish","type":"product","link":"https:\/\/hantom.ch\/fr\/produit\/f0504330-set-de-montage-element-de-liaison-mat-sh71-pour-sh70\/","title":{"rendered":"F0504330 &#8211; Set de montage, \u00e9l\u00e9ment de liaison m\u00e2t SH71, pour SH70"},"content":{"rendered":"","protected":false},"excerpt":{"rendered":"","protected":false},"featured_media":70656,"template":"","meta":[],"product_brand":[],"product_cat":[1372,1376],"product_tag":[],"class_list":{"0":"post-103540","1":"product","2":"type-product","3":"status-publish","4":"has-post-thumbnail","6":"product_cat-f05-fr","7":"product_cat-f0504-fr","9":"first","10":"instock","11":"taxable","12":"shipping-taxable","13":"purchasable","14":"product-type-simple"},"_links":{"self":[{"href":"https:\/\/hantom.ch\/fr\/wp-json\/wp\/v2\/product\/103540","targetHints":{"allow":["GET"]}}],"collection":[{"href":"https:\/\/hantom.ch\/fr\/wp-json\/wp\/v2\/product"}],"about":[{"href":"https:\/\/hantom.ch\/fr\/wp-json\/wp\/v2\/types\/product"}],"wp:featuredmedia":[{"embeddable":true,"href":"https:\/\/hantom.ch\/fr\/wp-json\/wp\/v2\/media\/70656"}],"wp:attachment":[{"href":"https:\/\/hantom.ch\/fr\/wp-json\/wp\/v2\/media?parent=103540"}],"wp:term":[{"taxonomy":"product_brand","embeddable":true,"href":"https:\/\/hantom.ch\/fr\/wp-json\/wp\/v2\/product_brand?post=103540"},{"taxonomy":"product_cat","embeddable":true,"href":"https:\/\/hantom.ch\/fr\/wp-json\/wp\/v2\/product_cat?post=103540"},{"taxonomy":"product_tag","embeddable":true,"href":"https:\/\/hantom.ch\/fr\/wp-json\/wp\/v2\/product_tag?post=103540"}],"curies":[{"name":"wp","href":"https:\/\/api.w.org\/{rel}","templated":true}]}}