{"id":103626,"date":"2026-04-17T07:31:21","date_gmt":"2026-04-17T05:31:21","guid":{"rendered":"https:\/\/hantom.ch\/product\/f0510101-cable-de-haubanage-pour-mat-shs25k-150l-l15-0-m-avec-pince-dextremite-superieure\/"},"modified":"2025-04-23T10:08:09","modified_gmt":"2025-04-23T08:08:09","slug":"f0510101-cable-de-haubanage-pour-mat-shs25k-150l-l15-0-m-avec-pince-dextremite-superieure","status":"publish","type":"product","link":"https:\/\/hantom.ch\/fr\/produit\/f0510101-cable-de-haubanage-pour-mat-shs25k-150l-l15-0-m-avec-pince-dextremite-superieure\/","title":{"rendered":"F0510101 &#8211; C\u00e2ble de haubanage pour m\u00e2t SHS25K.150L, L=15.0 m, avec pince d&apos;extr\u00e9mit\u00e9 sup\u00e9rieure"},"content":{"rendered":"","protected":false},"excerpt":{"rendered":"","protected":false},"featured_media":73114,"template":"","meta":[],"product_brand":[],"product_cat":[1372,1381],"product_tag":[],"class_list":{"0":"post-103626","1":"product","2":"type-product","3":"status-publish","4":"has-post-thumbnail","6":"product_cat-f05-fr","7":"product_cat-f0510-fr","9":"first","10":"instock","11":"taxable","12":"shipping-taxable","13":"purchasable","14":"product-type-simple"},"_links":{"self":[{"href":"https:\/\/hantom.ch\/fr\/wp-json\/wp\/v2\/product\/103626","targetHints":{"allow":["GET"]}}],"collection":[{"href":"https:\/\/hantom.ch\/fr\/wp-json\/wp\/v2\/product"}],"about":[{"href":"https:\/\/hantom.ch\/fr\/wp-json\/wp\/v2\/types\/product"}],"wp:featuredmedia":[{"embeddable":true,"href":"https:\/\/hantom.ch\/fr\/wp-json\/wp\/v2\/media\/73114"}],"wp:attachment":[{"href":"https:\/\/hantom.ch\/fr\/wp-json\/wp\/v2\/media?parent=103626"}],"wp:term":[{"taxonomy":"product_brand","embeddable":true,"href":"https:\/\/hantom.ch\/fr\/wp-json\/wp\/v2\/product_brand?post=103626"},{"taxonomy":"product_cat","embeddable":true,"href":"https:\/\/hantom.ch\/fr\/wp-json\/wp\/v2\/product_cat?post=103626"},{"taxonomy":"product_tag","embeddable":true,"href":"https:\/\/hantom.ch\/fr\/wp-json\/wp\/v2\/product_tag?post=103626"}],"curies":[{"name":"wp","href":"https:\/\/api.w.org\/{rel}","templated":true}]}}