{"id":103628,"date":"2026-04-17T07:31:25","date_gmt":"2026-04-17T05:31:25","guid":{"rendered":"https:\/\/hantom.ch\/product\/f0510103-cable-de-haubanage-pour-mat-shs25k-150r-l15-m-avec-extremite-libre\/"},"modified":"2025-04-23T10:08:10","modified_gmt":"2025-04-23T08:08:10","slug":"f0510103-cable-de-haubanage-pour-mat-shs25k-150r-l15-m-avec-extremite-libre","status":"publish","type":"product","link":"https:\/\/hantom.ch\/fr\/produit\/f0510103-cable-de-haubanage-pour-mat-shs25k-150r-l15-m-avec-extremite-libre\/","title":{"rendered":"F0510103 &#8211; C\u00e2ble de haubanage pour m\u00e2t SHS25K.150R, L=15 m avec extr\u00e9mit\u00e9 libre"},"content":{"rendered":"","protected":false},"excerpt":{"rendered":"","protected":false},"featured_media":73115,"template":"","meta":[],"product_brand":[],"product_cat":[1372,1381],"product_tag":[],"class_list":{"0":"post-103628","1":"product","2":"type-product","3":"status-publish","4":"has-post-thumbnail","6":"product_cat-f05-fr","7":"product_cat-f0510-fr","9":"first","10":"instock","11":"taxable","12":"shipping-taxable","13":"purchasable","14":"product-type-simple"},"_links":{"self":[{"href":"https:\/\/hantom.ch\/fr\/wp-json\/wp\/v2\/product\/103628","targetHints":{"allow":["GET"]}}],"collection":[{"href":"https:\/\/hantom.ch\/fr\/wp-json\/wp\/v2\/product"}],"about":[{"href":"https:\/\/hantom.ch\/fr\/wp-json\/wp\/v2\/types\/product"}],"wp:featuredmedia":[{"embeddable":true,"href":"https:\/\/hantom.ch\/fr\/wp-json\/wp\/v2\/media\/73115"}],"wp:attachment":[{"href":"https:\/\/hantom.ch\/fr\/wp-json\/wp\/v2\/media?parent=103628"}],"wp:term":[{"taxonomy":"product_brand","embeddable":true,"href":"https:\/\/hantom.ch\/fr\/wp-json\/wp\/v2\/product_brand?post=103628"},{"taxonomy":"product_cat","embeddable":true,"href":"https:\/\/hantom.ch\/fr\/wp-json\/wp\/v2\/product_cat?post=103628"},{"taxonomy":"product_tag","embeddable":true,"href":"https:\/\/hantom.ch\/fr\/wp-json\/wp\/v2\/product_tag?post=103628"}],"curies":[{"name":"wp","href":"https:\/\/api.w.org\/{rel}","templated":true}]}}