{"id":103633,"date":"2026-04-17T07:31:33","date_gmt":"2026-04-17T05:31:33","guid":{"rendered":"https:\/\/hantom.ch\/product\/f0510108-cable-de-haubanage-pour-mat-set-shs25p-110l-l11-0-m-avec-extremite-libre-et-pince\/"},"modified":"2025-04-23T10:08:14","modified_gmt":"2025-04-23T08:08:14","slug":"f0510108-cable-de-haubanage-pour-mat-set-shs25p-110l-l11-0-m-avec-extremite-libre-et-pince","status":"publish","type":"product","link":"https:\/\/hantom.ch\/fr\/produit\/f0510108-cable-de-haubanage-pour-mat-set-shs25p-110l-l11-0-m-avec-extremite-libre-et-pince\/","title":{"rendered":"F0510108 &#8211; C\u00e2ble de haubanage pour m\u00e2t, set SHS25P.110L, L=11.0 m, avec extr\u00e9mit\u00e9 libre et pince"},"content":{"rendered":"","protected":false},"excerpt":{"rendered":"","protected":false},"featured_media":70688,"template":"","meta":[],"product_brand":[],"product_cat":[1372,1381],"product_tag":[],"class_list":{"0":"post-103633","1":"product","2":"type-product","3":"status-publish","4":"has-post-thumbnail","6":"product_cat-f05-fr","7":"product_cat-f0510-fr","9":"first","10":"instock","11":"taxable","12":"shipping-taxable","13":"purchasable","14":"product-type-simple"},"_links":{"self":[{"href":"https:\/\/hantom.ch\/fr\/wp-json\/wp\/v2\/product\/103633","targetHints":{"allow":["GET"]}}],"collection":[{"href":"https:\/\/hantom.ch\/fr\/wp-json\/wp\/v2\/product"}],"about":[{"href":"https:\/\/hantom.ch\/fr\/wp-json\/wp\/v2\/types\/product"}],"wp:featuredmedia":[{"embeddable":true,"href":"https:\/\/hantom.ch\/fr\/wp-json\/wp\/v2\/media\/70688"}],"wp:attachment":[{"href":"https:\/\/hantom.ch\/fr\/wp-json\/wp\/v2\/media?parent=103633"}],"wp:term":[{"taxonomy":"product_brand","embeddable":true,"href":"https:\/\/hantom.ch\/fr\/wp-json\/wp\/v2\/product_brand?post=103633"},{"taxonomy":"product_cat","embeddable":true,"href":"https:\/\/hantom.ch\/fr\/wp-json\/wp\/v2\/product_cat?post=103633"},{"taxonomy":"product_tag","embeddable":true,"href":"https:\/\/hantom.ch\/fr\/wp-json\/wp\/v2\/product_tag?post=103633"}],"curies":[{"name":"wp","href":"https:\/\/api.w.org\/{rel}","templated":true}]}}