{"id":103641,"date":"2026-04-17T07:31:48","date_gmt":"2026-04-17T05:31:48","guid":{"rendered":"https:\/\/hantom.ch\/product\/f0510202-kit-de-haubanage-double-pour-mat-en-bois-shs25k-2x165ra-l2x16-5-avec-extremite-libre-et-pince\/"},"modified":"2025-04-23T10:08:17","modified_gmt":"2025-04-23T08:08:17","slug":"f0510202-kit-de-haubanage-double-pour-mat-en-bois-shs25k-2x165ra-l2x16-5-avec-extremite-libre-et-pince","status":"publish","type":"product","link":"https:\/\/hantom.ch\/fr\/produit\/f0510202-kit-de-haubanage-double-pour-mat-en-bois-shs25k-2x165ra-l2x16-5-avec-extremite-libre-et-pince\/","title":{"rendered":"F0510202 &#8211; Kit de haubanage double pour m\u00e2t en bois SHS25K.2X165RA, L=2&#215;16.5 avec extr\u00e9mit\u00e9 libre et pince"},"content":{"rendered":"","protected":false},"excerpt":{"rendered":"","protected":false},"featured_media":70691,"template":"","meta":[],"product_brand":[],"product_cat":[1372,1381],"product_tag":[],"class_list":{"0":"post-103641","1":"product","2":"type-product","3":"status-publish","4":"has-post-thumbnail","6":"product_cat-f05-fr","7":"product_cat-f0510-fr","9":"first","10":"instock","11":"taxable","12":"shipping-taxable","13":"purchasable","14":"product-type-simple"},"_links":{"self":[{"href":"https:\/\/hantom.ch\/fr\/wp-json\/wp\/v2\/product\/103641","targetHints":{"allow":["GET"]}}],"collection":[{"href":"https:\/\/hantom.ch\/fr\/wp-json\/wp\/v2\/product"}],"about":[{"href":"https:\/\/hantom.ch\/fr\/wp-json\/wp\/v2\/types\/product"}],"wp:featuredmedia":[{"embeddable":true,"href":"https:\/\/hantom.ch\/fr\/wp-json\/wp\/v2\/media\/70691"}],"wp:attachment":[{"href":"https:\/\/hantom.ch\/fr\/wp-json\/wp\/v2\/media?parent=103641"}],"wp:term":[{"taxonomy":"product_brand","embeddable":true,"href":"https:\/\/hantom.ch\/fr\/wp-json\/wp\/v2\/product_brand?post=103641"},{"taxonomy":"product_cat","embeddable":true,"href":"https:\/\/hantom.ch\/fr\/wp-json\/wp\/v2\/product_cat?post=103641"},{"taxonomy":"product_tag","embeddable":true,"href":"https:\/\/hantom.ch\/fr\/wp-json\/wp\/v2\/product_tag?post=103641"}],"curies":[{"name":"wp","href":"https:\/\/api.w.org\/{rel}","templated":true}]}}