{"id":103689,"date":"2026-04-22T08:46:40","date_gmt":"2026-04-22T06:46:40","guid":{"rendered":"https:\/\/hantom.ch\/product\/i1005122-fe0d-cln-3x2-5-sw-lnpe\/"},"modified":"2025-04-23T10:08:38","modified_gmt":"2025-04-23T08:08:38","slug":"i1005122-fe0d-cln-3x2-5-sw-lnpe","status":"publish","type":"product","link":"https:\/\/hantom.ch\/fr\/produit\/i1005122-fe0d-cln-3x2-5-sw-lnpe\/","title":{"rendered":"I1005122 &#8211; FE0D-CLN 3&#215;2.5 SW LNPE"},"content":{"rendered":"<p>C\u00e2ble d&apos;installation, arm\u00e9, sans halog\u00e8ne FE0D-CLN 3&#215;2,5 SW noir LNPE <br \/>Mat\u00e9riau conducteur cuivre \/ isolation des fils copolym\u00e8re sans halog\u00e8ne \/ <br \/>bandes d&apos;acier galvanis\u00e9, l\u00e9ger (CL)<br \/>Cours du cuivre LME CHF\/1000kg &#8230;&#8230;..<\/p>\n","protected":false},"excerpt":{"rendered":"<p>C\u00e2ble d&apos;installation, arm\u00e9, sans halog\u00e8ne FE0D-CLN 3&#215;2,5 SW noir LNPE Mat\u00e9riau conducteur cuivre \/ isolation des fils copolym\u00e8re sans halog\u00e8ne \/ bandes d&apos;acier galvanis\u00e9, l\u00e9ger (CL)Cours du cuivre LME CHF\/1000kg &#8230;&#8230;..<\/p>\n","protected":false},"featured_media":59122,"template":"","meta":[],"product_brand":[],"product_cat":[1398,1385,1400,1384],"product_tag":[],"class_list":{"0":"post-103689","1":"product","2":"type-product","3":"status-publish","4":"has-post-thumbnail","6":"product_cat-i1005-fr","7":"product_cat-i10-fr","8":"product_cat-i10051-fr","9":"product_cat-i-fr","10":"pa_mengeneinheit-m","12":"first","13":"instock","14":"taxable","15":"shipping-taxable","16":"purchasable","17":"product-type-simple"},"_links":{"self":[{"href":"https:\/\/hantom.ch\/fr\/wp-json\/wp\/v2\/product\/103689","targetHints":{"allow":["GET"]}}],"collection":[{"href":"https:\/\/hantom.ch\/fr\/wp-json\/wp\/v2\/product"}],"about":[{"href":"https:\/\/hantom.ch\/fr\/wp-json\/wp\/v2\/types\/product"}],"wp:featuredmedia":[{"embeddable":true,"href":"https:\/\/hantom.ch\/fr\/wp-json\/wp\/v2\/media\/59122"}],"wp:attachment":[{"href":"https:\/\/hantom.ch\/fr\/wp-json\/wp\/v2\/media?parent=103689"}],"wp:term":[{"taxonomy":"product_brand","embeddable":true,"href":"https:\/\/hantom.ch\/fr\/wp-json\/wp\/v2\/product_brand?post=103689"},{"taxonomy":"product_cat","embeddable":true,"href":"https:\/\/hantom.ch\/fr\/wp-json\/wp\/v2\/product_cat?post=103689"},{"taxonomy":"product_tag","embeddable":true,"href":"https:\/\/hantom.ch\/fr\/wp-json\/wp\/v2\/product_tag?post=103689"}],"curies":[{"name":"wp","href":"https:\/\/api.w.org\/{rel}","templated":true}]}}