{"id":103690,"date":"2026-04-22T08:46:42","date_gmt":"2026-04-22T06:46:42","guid":{"rendered":"https:\/\/hantom.ch\/product\/i1005124-fe0d-cln-3x4-mm2-lnpe\/"},"modified":"2025-04-23T10:08:38","modified_gmt":"2025-04-23T08:08:38","slug":"i1005124-fe0d-cln-3x4-mm2-lnpe","status":"publish","type":"product","link":"https:\/\/hantom.ch\/fr\/produit\/i1005124-fe0d-cln-3x4-mm2-lnpe\/","title":{"rendered":"I1005124 &#8211; FE0D-CLN 3&#215;4 mm2 LNPE"},"content":{"rendered":"<p>C\u00e2ble d&apos;installation, arm\u00e9, sans halog\u00e8ne FE0D-CLN 3&#215;4 mm2 LNPE <br \/>Mat\u00e9riau conducteur cuivre \/ Conducteur isolation des fils r\u00e9ticul\u00e9e PE \/ <br \/>Armature en feuillard de fer \/ Gaine ext\u00e9rieure en copolym\u00e8re ignifuge <br \/>sans halog\u00e8ne \/ Couleurs des conducteurs noir, bleu, jaune-vert \/ <br \/>M\u00e9trique<br \/>Cours du cuivre LME CHF\/1000kg &#8230;&#8230;..<\/p>\n","protected":false},"excerpt":{"rendered":"<p>C\u00e2ble d&apos;installation, arm\u00e9, sans halog\u00e8ne FE0D-CLN 3&#215;4 mm2 LNPE Mat\u00e9riau conducteur cuivre \/ Conducteur isolation des fils r\u00e9ticul\u00e9e PE \/ Armature en feuillard de fer \/ Gaine ext\u00e9rieure en copolym\u00e8re ignifuge sans halog\u00e8ne \/ Couleurs des conducteurs noir, bleu, jaune-vert \/ M\u00e9triqueCours du cuivre LME CHF\/1000kg &#8230;&#8230;..<\/p>\n","protected":false},"featured_media":59155,"template":"","meta":[],"product_brand":[],"product_cat":[1398,1385,1400,1384],"product_tag":[],"class_list":{"0":"post-103690","1":"product","2":"type-product","3":"status-publish","4":"has-post-thumbnail","6":"product_cat-i1005-fr","7":"product_cat-i10-fr","8":"product_cat-i10051-fr","9":"product_cat-i-fr","10":"pa_mengeneinheit-m","12":"first","13":"instock","14":"taxable","15":"shipping-taxable","16":"purchasable","17":"product-type-simple"},"_links":{"self":[{"href":"https:\/\/hantom.ch\/fr\/wp-json\/wp\/v2\/product\/103690","targetHints":{"allow":["GET"]}}],"collection":[{"href":"https:\/\/hantom.ch\/fr\/wp-json\/wp\/v2\/product"}],"about":[{"href":"https:\/\/hantom.ch\/fr\/wp-json\/wp\/v2\/types\/product"}],"wp:featuredmedia":[{"embeddable":true,"href":"https:\/\/hantom.ch\/fr\/wp-json\/wp\/v2\/media\/59155"}],"wp:attachment":[{"href":"https:\/\/hantom.ch\/fr\/wp-json\/wp\/v2\/media?parent=103690"}],"wp:term":[{"taxonomy":"product_brand","embeddable":true,"href":"https:\/\/hantom.ch\/fr\/wp-json\/wp\/v2\/product_brand?post=103690"},{"taxonomy":"product_cat","embeddable":true,"href":"https:\/\/hantom.ch\/fr\/wp-json\/wp\/v2\/product_cat?post=103690"},{"taxonomy":"product_tag","embeddable":true,"href":"https:\/\/hantom.ch\/fr\/wp-json\/wp\/v2\/product_tag?post=103690"}],"curies":[{"name":"wp","href":"https:\/\/api.w.org\/{rel}","templated":true}]}}