{"id":103693,"date":"2026-04-22T08:46:46","date_gmt":"2026-04-22T06:46:46","guid":{"rendered":"https:\/\/hantom.ch\/product\/i1005217-fe0d-cln-4x50-mm2-3ln\/"},"modified":"2025-04-23T10:08:42","modified_gmt":"2025-04-23T08:08:42","slug":"i1005217-fe0d-cln-4x50-mm2-3ln","status":"publish","type":"product","link":"https:\/\/hantom.ch\/fr\/produit\/i1005217-fe0d-cln-4x50-mm2-3ln\/","title":{"rendered":"I1005217 &#8211; FE0D-CLN 4&#215;50 mm2 3LN"},"content":{"rendered":"<p>C\u00e2ble d&apos;installation, arm\u00e9, sans halog\u00e8ne FE0D-CLN 4&#215;50 mm2 3LN<br \/>Mat\u00e9riau conducteur cuivre \/ c\u00e2ble conducteur cl.2 \/ isolation des fils <br \/>copolym\u00e8re sans halog\u00e8ne \/ bandes d&apos;acier galvanis\u00e9, l\u00e9g\u00e8res (CL) \/ <br \/>gaine ext\u00e9rieure copolym\u00e8re, sans halog\u00e8ne, ignifuge \/ couleurs des fils <br \/>noir, marron, gris, bleu \/ m\u00e9trique<br \/>Cours du cuivre LME CHF\/1000kg &#8230;&#8230;..<\/p>\n","protected":false},"excerpt":{"rendered":"<p>C\u00e2ble d&apos;installation, arm\u00e9, sans halog\u00e8ne FE0D-CLN 4&#215;50 mm2 3LNMat\u00e9riau conducteur cuivre \/ c\u00e2ble conducteur cl.2 \/ isolation des fils copolym\u00e8re sans halog\u00e8ne \/ bandes d&apos;acier galvanis\u00e9, l\u00e9g\u00e8res (CL) \/ gaine ext\u00e9rieure copolym\u00e8re, sans halog\u00e8ne, ignifuge \/ couleurs des fils noir, marron, gris, bleu \/ m\u00e9triqueCours du cuivre LME CHF\/1000kg &#8230;&#8230;..<\/p>\n","protected":false},"featured_media":58625,"template":"","meta":[],"product_brand":[],"product_cat":[1398,1385,1401,1384],"product_tag":[],"class_list":{"0":"post-103693","1":"product","2":"type-product","3":"status-publish","4":"has-post-thumbnail","6":"product_cat-i1005-fr","7":"product_cat-i10-fr","8":"product_cat-i10052-fr","9":"product_cat-i-fr","10":"pa_mengeneinheit-m","12":"first","13":"instock","14":"taxable","15":"shipping-taxable","16":"purchasable","17":"product-type-simple"},"_links":{"self":[{"href":"https:\/\/hantom.ch\/fr\/wp-json\/wp\/v2\/product\/103693","targetHints":{"allow":["GET"]}}],"collection":[{"href":"https:\/\/hantom.ch\/fr\/wp-json\/wp\/v2\/product"}],"about":[{"href":"https:\/\/hantom.ch\/fr\/wp-json\/wp\/v2\/types\/product"}],"wp:featuredmedia":[{"embeddable":true,"href":"https:\/\/hantom.ch\/fr\/wp-json\/wp\/v2\/media\/58625"}],"wp:attachment":[{"href":"https:\/\/hantom.ch\/fr\/wp-json\/wp\/v2\/media?parent=103693"}],"wp:term":[{"taxonomy":"product_brand","embeddable":true,"href":"https:\/\/hantom.ch\/fr\/wp-json\/wp\/v2\/product_brand?post=103693"},{"taxonomy":"product_cat","embeddable":true,"href":"https:\/\/hantom.ch\/fr\/wp-json\/wp\/v2\/product_cat?post=103693"},{"taxonomy":"product_tag","embeddable":true,"href":"https:\/\/hantom.ch\/fr\/wp-json\/wp\/v2\/product_tag?post=103693"}],"curies":[{"name":"wp","href":"https:\/\/api.w.org\/{rel}","templated":true}]}}