{"id":103699,"date":"2026-04-22T08:46:55","date_gmt":"2026-04-22T06:46:55","guid":{"rendered":"https:\/\/hantom.ch\/product\/i1005306-fe0d-cln-5x16-mm2-3lnpe\/"},"modified":"2025-04-23T10:08:44","modified_gmt":"2025-04-23T08:08:44","slug":"i1005306-fe0d-cln-5x16-mm2-3lnpe","status":"publish","type":"product","link":"https:\/\/hantom.ch\/fr\/produit\/i1005306-fe0d-cln-5x16-mm2-3lnpe\/","title":{"rendered":"I1005306 &#8211; FE0D-CLN 5&#215;16 mm2 3LNPE"},"content":{"rendered":"<p>C\u00e2ble d&apos;installation, arm\u00e9, sans halog\u00e8ne FE0D-CLN 5&#215;16 mm2 3LNPE <br \/>Mat\u00e9riau conducteur cuivre \/ Conducteur isolation des fils r\u00e9ticul\u00e9e PE \/ <br \/>bandes d&apos;acier galvanis\u00e9, l\u00e9g\u00e8res (CL) \/ gaine ext\u00e9rieure HFFR noire \/ <br \/>couleurs des conducteurs noir, marron, gris, bleu clair, jaune-vert \/ m\u00e9trique<br \/>Cours du cuivre LME CHF\/1000kg &#8230;&#8230;..<\/p>\n","protected":false},"excerpt":{"rendered":"<p>C\u00e2ble d&apos;installation, arm\u00e9, sans halog\u00e8ne FE0D-CLN 5&#215;16 mm2 3LNPE Mat\u00e9riau conducteur cuivre \/ Conducteur isolation des fils r\u00e9ticul\u00e9e PE \/ bandes d&apos;acier galvanis\u00e9, l\u00e9g\u00e8res (CL) \/ gaine ext\u00e9rieure HFFR noire \/ couleurs des conducteurs noir, marron, gris, bleu clair, jaune-vert \/ m\u00e9triqueCours du cuivre LME CHF\/1000kg &#8230;&#8230;..<\/p>\n","protected":false},"featured_media":58552,"template":"","meta":[],"product_brand":[],"product_cat":[1398,1385,1402,1384],"product_tag":[],"class_list":{"0":"post-103699","1":"product","2":"type-product","3":"status-publish","4":"has-post-thumbnail","6":"product_cat-i1005-fr","7":"product_cat-i10-fr","8":"product_cat-i10053-fr","9":"product_cat-i-fr","10":"pa_mengeneinheit-m","12":"first","13":"instock","14":"taxable","15":"shipping-taxable","16":"purchasable","17":"product-type-simple"},"_links":{"self":[{"href":"https:\/\/hantom.ch\/fr\/wp-json\/wp\/v2\/product\/103699","targetHints":{"allow":["GET"]}}],"collection":[{"href":"https:\/\/hantom.ch\/fr\/wp-json\/wp\/v2\/product"}],"about":[{"href":"https:\/\/hantom.ch\/fr\/wp-json\/wp\/v2\/types\/product"}],"wp:featuredmedia":[{"embeddable":true,"href":"https:\/\/hantom.ch\/fr\/wp-json\/wp\/v2\/media\/58552"}],"wp:attachment":[{"href":"https:\/\/hantom.ch\/fr\/wp-json\/wp\/v2\/media?parent=103699"}],"wp:term":[{"taxonomy":"product_brand","embeddable":true,"href":"https:\/\/hantom.ch\/fr\/wp-json\/wp\/v2\/product_brand?post=103699"},{"taxonomy":"product_cat","embeddable":true,"href":"https:\/\/hantom.ch\/fr\/wp-json\/wp\/v2\/product_cat?post=103699"},{"taxonomy":"product_tag","embeddable":true,"href":"https:\/\/hantom.ch\/fr\/wp-json\/wp\/v2\/product_tag?post=103699"}],"curies":[{"name":"wp","href":"https:\/\/api.w.org\/{rel}","templated":true}]}}