{"id":103702,"date":"2026-04-22T08:46:59","date_gmt":"2026-04-22T06:46:59","guid":{"rendered":"https:\/\/hantom.ch\/product\/i1005309-fe0d-cln-5x50-mm2-3lnpe\/"},"modified":"2025-04-23T10:08:45","modified_gmt":"2025-04-23T08:08:45","slug":"i1005309-fe0d-cln-5x50-mm2-3lnpe","status":"publish","type":"product","link":"https:\/\/hantom.ch\/fr\/produit\/i1005309-fe0d-cln-5x50-mm2-3lnpe\/","title":{"rendered":"I1005309 &#8211; FE0D-CLN 5&#215;50 mm2 3LNPE"},"content":{"rendered":"<p>C\u00e2ble d&apos;installation, arm\u00e9, sans halog\u00e8ne FE0D-CLN 5&#215;50 mm2 3LNPE <br \/>Mat\u00e9riau conducteur cuivre \/ conducteur c\u00e2ble cl.2 \/ isolation des fils <br \/>copolym\u00e8re sans halog\u00e8ne \/ bandes d&apos;acier galvanis\u00e9, l\u00e9g\u00e8res (CL) \/ <br \/>gaine ext\u00e9rieure copolym\u00e8re, sans halog\u00e8ne, ignifuge \/ couleurs des <br \/>conducteurs noir, marron, gris, bleu clair, jaune-vert \/ m\u00e9trique<br \/>Poids du cuivre 2400 kg\/km<br \/>Cours du cuivre LME CHF\/1000kg &#8230;&#8230;..<\/p>\n","protected":false},"excerpt":{"rendered":"<p>C\u00e2ble d&apos;installation, arm\u00e9, sans halog\u00e8ne FE0D-CLN 5&#215;50 mm2 3LNPE Mat\u00e9riau conducteur cuivre \/ conducteur c\u00e2ble cl.2 \/ isolation des fils copolym\u00e8re sans halog\u00e8ne \/ bandes d&apos;acier galvanis\u00e9, l\u00e9g\u00e8res (CL) \/ gaine ext\u00e9rieure copolym\u00e8re, sans halog\u00e8ne, ignifuge \/ couleurs des conducteurs noir, marron, gris, bleu clair, jaune-vert \/ m\u00e9triquePoids du cuivre 2400 kg\/kmCours du cuivre LME [&hellip;]<\/p>\n","protected":false},"featured_media":58522,"template":"","meta":[],"product_brand":[],"product_cat":[1398,1385,1402,1384],"product_tag":[],"class_list":{"0":"post-103702","1":"product","2":"type-product","3":"status-publish","4":"has-post-thumbnail","6":"product_cat-i1005-fr","7":"product_cat-i10-fr","8":"product_cat-i10053-fr","9":"product_cat-i-fr","10":"pa_mengeneinheit-m","12":"first","13":"instock","14":"taxable","15":"shipping-taxable","16":"purchasable","17":"product-type-simple"},"_links":{"self":[{"href":"https:\/\/hantom.ch\/fr\/wp-json\/wp\/v2\/product\/103702","targetHints":{"allow":["GET"]}}],"collection":[{"href":"https:\/\/hantom.ch\/fr\/wp-json\/wp\/v2\/product"}],"about":[{"href":"https:\/\/hantom.ch\/fr\/wp-json\/wp\/v2\/types\/product"}],"wp:featuredmedia":[{"embeddable":true,"href":"https:\/\/hantom.ch\/fr\/wp-json\/wp\/v2\/media\/58522"}],"wp:attachment":[{"href":"https:\/\/hantom.ch\/fr\/wp-json\/wp\/v2\/media?parent=103702"}],"wp:term":[{"taxonomy":"product_brand","embeddable":true,"href":"https:\/\/hantom.ch\/fr\/wp-json\/wp\/v2\/product_brand?post=103702"},{"taxonomy":"product_cat","embeddable":true,"href":"https:\/\/hantom.ch\/fr\/wp-json\/wp\/v2\/product_cat?post=103702"},{"taxonomy":"product_tag","embeddable":true,"href":"https:\/\/hantom.ch\/fr\/wp-json\/wp\/v2\/product_tag?post=103702"}],"curies":[{"name":"wp","href":"https:\/\/api.w.org\/{rel}","templated":true}]}}