{"id":103746,"date":"2026-04-14T08:46:24","date_gmt":"2026-04-14T06:46:24","guid":{"rendered":"https:\/\/hantom.ch\/product\/i1007015-cable-dinstallation-fe0d-1x95-n-1x95mm2-n-gris\/"},"modified":"2025-04-23T10:09:11","modified_gmt":"2025-04-23T08:09:11","slug":"i1007015-cable-dinstallation-fe0d-1x95-n-1x95mm2-n-gris","status":"publish","type":"product","link":"https:\/\/hantom.ch\/fr\/produit\/i1007015-cable-dinstallation-fe0d-1x95-n-1x95mm2-n-gris\/","title":{"rendered":"I1007015 &#8211; C\u00e2ble d&apos;installation FE0D &#8211; 1&#215;95 N 1x95mm2 N gris"},"content":{"rendered":"<p>C\u00e2ble d&apos;installation, isolation des fils bleu clair, ignifuge et sans halog\u00e8ne<br \/>Cours du cuivre LME CHF\/1000kg &#8230;&#8230;.<\/p>\n","protected":false},"excerpt":{"rendered":"<p>C\u00e2ble d&apos;installation, isolation des fils bleu clair, ignifuge et sans halog\u00e8neCours du cuivre LME CHF\/1000kg &#8230;&#8230;.<\/p>\n","protected":false},"featured_media":58806,"template":"","meta":[],"product_brand":[],"product_cat":[1385,1407,1408,1384],"product_tag":[],"class_list":{"0":"post-103746","1":"product","2":"type-product","3":"status-publish","4":"has-post-thumbnail","6":"product_cat-i10-fr","7":"product_cat-i1007-fr","8":"product_cat-i10070-fr","9":"product_cat-i-fr","10":"pa_mengeneinheit-m","12":"first","13":"instock","14":"taxable","15":"shipping-taxable","16":"purchasable","17":"product-type-simple"},"_links":{"self":[{"href":"https:\/\/hantom.ch\/fr\/wp-json\/wp\/v2\/product\/103746","targetHints":{"allow":["GET"]}}],"collection":[{"href":"https:\/\/hantom.ch\/fr\/wp-json\/wp\/v2\/product"}],"about":[{"href":"https:\/\/hantom.ch\/fr\/wp-json\/wp\/v2\/types\/product"}],"wp:featuredmedia":[{"embeddable":true,"href":"https:\/\/hantom.ch\/fr\/wp-json\/wp\/v2\/media\/58806"}],"wp:attachment":[{"href":"https:\/\/hantom.ch\/fr\/wp-json\/wp\/v2\/media?parent=103746"}],"wp:term":[{"taxonomy":"product_brand","embeddable":true,"href":"https:\/\/hantom.ch\/fr\/wp-json\/wp\/v2\/product_brand?post=103746"},{"taxonomy":"product_cat","embeddable":true,"href":"https:\/\/hantom.ch\/fr\/wp-json\/wp\/v2\/product_cat?post=103746"},{"taxonomy":"product_tag","embeddable":true,"href":"https:\/\/hantom.ch\/fr\/wp-json\/wp\/v2\/product_tag?post=103746"}],"curies":[{"name":"wp","href":"https:\/\/api.w.org\/{rel}","templated":true}]}}