{"id":103755,"date":"2026-04-14T08:46:35","date_gmt":"2026-04-14T06:46:35","guid":{"rendered":"https:\/\/hantom.ch\/product\/i1007024-cable-dinstallation-fe0d-1x185-n-1x185-mm2-n-gris\/"},"modified":"2026-04-01T10:47:57","modified_gmt":"2026-04-01T08:47:57","slug":"i1007024-cable-dinstallation-fe0d-1x185-n-1x185-mm2-n-gris","status":"publish","type":"product","link":"https:\/\/hantom.ch\/fr\/produit\/i1007024-cable-dinstallation-fe0d-1x185-n-1x185-mm2-n-gris\/","title":{"rendered":"I1007024 &#8211; C\u00e2ble d&apos;installation FE0D &#8211; 1&#215;185 N 1&#215;185 mm2 N gris"},"content":{"rendered":"<p>C\u00e2ble d&apos;installation, isolation des fils bleu clair, ignifuge et sans halog\u00e8ne<br \/>Cours du cuivre LME CHF\/1000kg &#8230;&#8230;.<\/p>\n","protected":false},"excerpt":{"rendered":"<p>C\u00e2ble d&apos;installation, isolation des fils bleu clair, ignifuge et sans halog\u00e8neCours du cuivre LME CHF\/1000kg &#8230;&#8230;.<\/p>\n","protected":false},"featured_media":58915,"template":"","meta":[],"product_brand":[],"product_cat":[1385,1407,1408,1384],"product_tag":[],"class_list":{"0":"post-103755","1":"product","2":"type-product","3":"status-publish","4":"has-post-thumbnail","6":"product_cat-i10-fr","7":"product_cat-i1007-fr","8":"product_cat-i10070-fr","9":"product_cat-i-fr","10":"pa_mengeneinheit-m","12":"first","13":"instock","14":"taxable","15":"shipping-taxable","16":"purchasable","17":"product-type-simple"},"_links":{"self":[{"href":"https:\/\/hantom.ch\/fr\/wp-json\/wp\/v2\/product\/103755","targetHints":{"allow":["GET"]}}],"collection":[{"href":"https:\/\/hantom.ch\/fr\/wp-json\/wp\/v2\/product"}],"about":[{"href":"https:\/\/hantom.ch\/fr\/wp-json\/wp\/v2\/types\/product"}],"wp:featuredmedia":[{"embeddable":true,"href":"https:\/\/hantom.ch\/fr\/wp-json\/wp\/v2\/media\/58915"}],"wp:attachment":[{"href":"https:\/\/hantom.ch\/fr\/wp-json\/wp\/v2\/media?parent=103755"}],"wp:term":[{"taxonomy":"product_brand","embeddable":true,"href":"https:\/\/hantom.ch\/fr\/wp-json\/wp\/v2\/product_brand?post=103755"},{"taxonomy":"product_cat","embeddable":true,"href":"https:\/\/hantom.ch\/fr\/wp-json\/wp\/v2\/product_cat?post=103755"},{"taxonomy":"product_tag","embeddable":true,"href":"https:\/\/hantom.ch\/fr\/wp-json\/wp\/v2\/product_tag?post=103755"}],"curies":[{"name":"wp","href":"https:\/\/api.w.org\/{rel}","templated":true}]}}