{"id":103814,"date":"2026-05-01T08:45:48","date_gmt":"2026-05-01T06:45:48","guid":{"rendered":"https:\/\/hantom.ch\/product\/i1101004-cable-fe05c-1x16-mm2-jaune-l\/"},"modified":"2026-04-01T10:48:45","modified_gmt":"2026-04-01T08:48:45","slug":"i1101004-cable-fe05c-1x16-mm2-jaune-l","status":"publish","type":"product","link":"https:\/\/hantom.ch\/fr\/produit\/i1101004-cable-fe05c-1x16-mm2-jaune-l\/","title":{"rendered":"I1101004 &#8211; C\u00e2ble FE05C 1&#215;16 mm2 jaune L"},"content":{"rendered":"<p>C\u00e2ble FE05C<br \/>1&#215;16 jaune L<br \/>Type de conducteur : RM<br \/>\u00d8 c\u00e2ble : 9,3 mm<br \/>Poids kg\/km : 220,4<br \/>Cours du cuivre LME CHF\/1000 kg &#8230;&#8230;..<\/p>\n","protected":false},"excerpt":{"rendered":"<p>C\u00e2ble FE05C1&#215;16 jaune LType de conducteur : RM\u00d8 c\u00e2ble : 9,3 mmPoids kg\/km : 220,4Cours du cuivre LME CHF\/1000 kg &#8230;&#8230;..<\/p>\n","protected":false},"featured_media":70902,"template":"","meta":[],"product_brand":[],"product_cat":[1418,1419,1420,1384],"product_tag":[],"class_list":{"0":"post-103814","1":"product","2":"type-product","3":"status-publish","4":"has-post-thumbnail","6":"product_cat-i11-fr","7":"product_cat-i1101-fr","8":"product_cat-i11010-fr","9":"product_cat-i-fr","10":"pa_mengeneinheit-m","12":"first","13":"instock","14":"taxable","15":"shipping-taxable","16":"purchasable","17":"product-type-simple"},"_links":{"self":[{"href":"https:\/\/hantom.ch\/fr\/wp-json\/wp\/v2\/product\/103814","targetHints":{"allow":["GET"]}}],"collection":[{"href":"https:\/\/hantom.ch\/fr\/wp-json\/wp\/v2\/product"}],"about":[{"href":"https:\/\/hantom.ch\/fr\/wp-json\/wp\/v2\/types\/product"}],"wp:featuredmedia":[{"embeddable":true,"href":"https:\/\/hantom.ch\/fr\/wp-json\/wp\/v2\/media\/70902"}],"wp:attachment":[{"href":"https:\/\/hantom.ch\/fr\/wp-json\/wp\/v2\/media?parent=103814"}],"wp:term":[{"taxonomy":"product_brand","embeddable":true,"href":"https:\/\/hantom.ch\/fr\/wp-json\/wp\/v2\/product_brand?post=103814"},{"taxonomy":"product_cat","embeddable":true,"href":"https:\/\/hantom.ch\/fr\/wp-json\/wp\/v2\/product_cat?post=103814"},{"taxonomy":"product_tag","embeddable":true,"href":"https:\/\/hantom.ch\/fr\/wp-json\/wp\/v2\/product_tag?post=103814"}],"curies":[{"name":"wp","href":"https:\/\/api.w.org\/{rel}","templated":true}]}}