{"id":103826,"date":"2026-04-15T08:45:40","date_gmt":"2026-04-15T06:45:40","guid":{"rendered":"https:\/\/hantom.ch\/product\/i1101016-cable-fe05c-1x120-mm2-jaune-l\/"},"modified":"2026-04-01T10:48:57","modified_gmt":"2026-04-01T08:48:57","slug":"i1101016-cable-fe05c-1x120-mm2-jaune-l","status":"publish","type":"product","link":"https:\/\/hantom.ch\/fr\/produit\/i1101016-cable-fe05c-1x120-mm2-jaune-l\/","title":{"rendered":"I1101016 &#8211; C\u00e2ble FE05C 1&#215;120 mm2 jaune L"},"content":{"rendered":"<p>C\u00e2ble FE05C<br \/>1&#215;120 jaune L<br \/>Type de conducteur : RM<br \/>\u00d8 c\u00e2ble : 20,8 mm<br \/>Poids kg\/km : 1359,7<br \/>Cours du cuivre LME CHF\/1000kg &#8230;&#8230;..<\/p>\n","protected":false},"excerpt":{"rendered":"<p>C\u00e2ble FE05C1&#215;120 jaune LType de conducteur : RM\u00d8 c\u00e2ble : 20,8 mmPoids kg\/km : 1359,7Cours du cuivre LME CHF\/1000kg &#8230;&#8230;..<\/p>\n","protected":false},"featured_media":58946,"template":"","meta":[],"product_brand":[],"product_cat":[1418,1419,1420,1384],"product_tag":[],"class_list":{"0":"post-103826","1":"product","2":"type-product","3":"status-publish","4":"has-post-thumbnail","6":"product_cat-i11-fr","7":"product_cat-i1101-fr","8":"product_cat-i11010-fr","9":"product_cat-i-fr","10":"pa_mengeneinheit-m","12":"first","13":"instock","14":"taxable","15":"shipping-taxable","16":"purchasable","17":"product-type-simple"},"_links":{"self":[{"href":"https:\/\/hantom.ch\/fr\/wp-json\/wp\/v2\/product\/103826","targetHints":{"allow":["GET"]}}],"collection":[{"href":"https:\/\/hantom.ch\/fr\/wp-json\/wp\/v2\/product"}],"about":[{"href":"https:\/\/hantom.ch\/fr\/wp-json\/wp\/v2\/types\/product"}],"wp:featuredmedia":[{"embeddable":true,"href":"https:\/\/hantom.ch\/fr\/wp-json\/wp\/v2\/media\/58946"}],"wp:attachment":[{"href":"https:\/\/hantom.ch\/fr\/wp-json\/wp\/v2\/media?parent=103826"}],"wp:term":[{"taxonomy":"product_brand","embeddable":true,"href":"https:\/\/hantom.ch\/fr\/wp-json\/wp\/v2\/product_brand?post=103826"},{"taxonomy":"product_cat","embeddable":true,"href":"https:\/\/hantom.ch\/fr\/wp-json\/wp\/v2\/product_cat?post=103826"},{"taxonomy":"product_tag","embeddable":true,"href":"https:\/\/hantom.ch\/fr\/wp-json\/wp\/v2\/product_tag?post=103826"}],"curies":[{"name":"wp","href":"https:\/\/api.w.org\/{rel}","templated":true}]}}