{"id":103840,"date":"2026-05-02T08:45:57","date_gmt":"2026-05-02T06:45:57","guid":{"rendered":"https:\/\/hantom.ch\/product\/i1101110-cable-fe05c-3x16-mm2-jaune-lnpe\/"},"modified":"2026-04-01T10:49:08","modified_gmt":"2026-04-01T08:49:08","slug":"i1101110-cable-fe05c-3x16-mm2-jaune-lnpe","status":"publish","type":"product","link":"https:\/\/hantom.ch\/fr\/produit\/i1101110-cable-fe05c-3x16-mm2-jaune-lnpe\/","title":{"rendered":"I1101110 &#8211; C\u00e2ble FE05C 3&#215;16 mm2 jaune LNPE"},"content":{"rendered":"<p>C\u00e2ble FE05C<br \/>3&#215;16 jaune LNPE<br \/>Type de conducteur : RM<br \/>\u00d8 du c\u00e2ble : 18,1 mm<br \/>Poids en kg\/km : 673,3<br \/>Cours du cuivre LME en CHF\/1000 kg &#8230;&#8230;..<\/p>\n","protected":false},"excerpt":{"rendered":"<p>C\u00e2ble FE05C3&#215;16 jaune LNPEType de conducteur : RM\u00d8 du c\u00e2ble : 18,1 mmPoids en kg\/km : 673,3Cours du cuivre LME en CHF\/1000 kg &#8230;&#8230;..<\/p>\n","protected":false},"featured_media":58978,"template":"","meta":[],"product_brand":[],"product_cat":[1418,1419,1421,1384],"product_tag":[],"class_list":{"0":"post-103840","1":"product","2":"type-product","3":"status-publish","4":"has-post-thumbnail","6":"product_cat-i11-fr","7":"product_cat-i1101-fr","8":"product_cat-i11011-fr","9":"product_cat-i-fr","10":"pa_mengeneinheit-m","12":"first","13":"instock","14":"taxable","15":"shipping-taxable","16":"purchasable","17":"product-type-simple"},"_links":{"self":[{"href":"https:\/\/hantom.ch\/fr\/wp-json\/wp\/v2\/product\/103840","targetHints":{"allow":["GET"]}}],"collection":[{"href":"https:\/\/hantom.ch\/fr\/wp-json\/wp\/v2\/product"}],"about":[{"href":"https:\/\/hantom.ch\/fr\/wp-json\/wp\/v2\/types\/product"}],"wp:featuredmedia":[{"embeddable":true,"href":"https:\/\/hantom.ch\/fr\/wp-json\/wp\/v2\/media\/58978"}],"wp:attachment":[{"href":"https:\/\/hantom.ch\/fr\/wp-json\/wp\/v2\/media?parent=103840"}],"wp:term":[{"taxonomy":"product_brand","embeddable":true,"href":"https:\/\/hantom.ch\/fr\/wp-json\/wp\/v2\/product_brand?post=103840"},{"taxonomy":"product_cat","embeddable":true,"href":"https:\/\/hantom.ch\/fr\/wp-json\/wp\/v2\/product_cat?post=103840"},{"taxonomy":"product_tag","embeddable":true,"href":"https:\/\/hantom.ch\/fr\/wp-json\/wp\/v2\/product_tag?post=103840"}],"curies":[{"name":"wp","href":"https:\/\/api.w.org\/{rel}","templated":true}]}}