{"id":103842,"date":"2026-04-30T08:31:15","date_gmt":"2026-04-30T06:31:15","guid":{"rendered":"https:\/\/hantom.ch\/product\/i1101202-cable-fe05c-4x2-5-mm2-jaune-3lpe\/"},"modified":"2026-04-01T10:49:09","modified_gmt":"2026-04-01T08:49:09","slug":"i1101202-cable-fe05c-4x2-5-mm2-jaune-3lpe","status":"publish","type":"product","link":"https:\/\/hantom.ch\/fr\/produit\/i1101202-cable-fe05c-4x2-5-mm2-jaune-3lpe\/","title":{"rendered":"I1101202 &#8211; C\u00e2ble FE05C 4&#215;2.5 mm2 jaune 3LPE"},"content":{"rendered":"<p>C\u00e2ble FE05C<br \/>4&#215;2,5 jaune 3LPE<br \/>Type de conducteur : RE<br \/>\u00d8 c\u00e2ble : 9,8 mm<br \/>Poids kg\/km : 162,8<br \/>Cours du cuivre LME CHF\/1000 kg &#8230;&#8230;..<\/p>\n","protected":false},"excerpt":{"rendered":"<p>C\u00e2ble FE05C4&#215;2,5 jaune 3LPEType de conducteur : RE\u00d8 c\u00e2ble : 9,8 mmPoids kg\/km : 162,8Cours du cuivre LME CHF\/1000 kg &#8230;&#8230;..<\/p>\n","protected":false},"featured_media":59010,"template":"","meta":[],"product_brand":[],"product_cat":[1418,1419,1422,1384],"product_tag":[],"class_list":{"0":"post-103842","1":"product","2":"type-product","3":"status-publish","4":"has-post-thumbnail","6":"product_cat-i11-fr","7":"product_cat-i1101-fr","8":"product_cat-i11012-fr","9":"product_cat-i-fr","10":"pa_mengeneinheit-m","12":"first","13":"instock","14":"taxable","15":"shipping-taxable","16":"purchasable","17":"product-type-simple"},"_links":{"self":[{"href":"https:\/\/hantom.ch\/fr\/wp-json\/wp\/v2\/product\/103842","targetHints":{"allow":["GET"]}}],"collection":[{"href":"https:\/\/hantom.ch\/fr\/wp-json\/wp\/v2\/product"}],"about":[{"href":"https:\/\/hantom.ch\/fr\/wp-json\/wp\/v2\/types\/product"}],"wp:featuredmedia":[{"embeddable":true,"href":"https:\/\/hantom.ch\/fr\/wp-json\/wp\/v2\/media\/59010"}],"wp:attachment":[{"href":"https:\/\/hantom.ch\/fr\/wp-json\/wp\/v2\/media?parent=103842"}],"wp:term":[{"taxonomy":"product_brand","embeddable":true,"href":"https:\/\/hantom.ch\/fr\/wp-json\/wp\/v2\/product_brand?post=103842"},{"taxonomy":"product_cat","embeddable":true,"href":"https:\/\/hantom.ch\/fr\/wp-json\/wp\/v2\/product_cat?post=103842"},{"taxonomy":"product_tag","embeddable":true,"href":"https:\/\/hantom.ch\/fr\/wp-json\/wp\/v2\/product_tag?post=103842"}],"curies":[{"name":"wp","href":"https:\/\/api.w.org\/{rel}","templated":true}]}}