{"id":103853,"date":"2026-05-04T09:02:39","date_gmt":"2026-05-04T07:02:39","guid":{"rendered":"https:\/\/hantom.ch\/product\/i1101302-cable-fe05c-5x2-5-mm2-jaune-3lnpe\/"},"modified":"2026-04-01T10:49:17","modified_gmt":"2026-04-01T08:49:17","slug":"i1101302-cable-fe05c-5x2-5-mm2-jaune-3lnpe","status":"publish","type":"product","link":"https:\/\/hantom.ch\/fr\/produit\/i1101302-cable-fe05c-5x2-5-mm2-jaune-3lnpe\/","title":{"rendered":"I1101302 &#8211; C\u00e2ble FE05C 5&#215;2.5 mm2 jaune  3LNPE"},"content":{"rendered":"<p>C\u00e2ble FE05C jaune<br \/>5G2.5 jaune 3LNPE <br \/>Type de conducteur : RE<br \/>\u00d8 c\u00e2ble : 10,8 mm<br \/>Poids kg\/km : 216,7<br \/>Cours du cuivre LME CHF\/1000 kg &#8230;&#8230;..<\/p>\n","protected":false},"excerpt":{"rendered":"<p>C\u00e2ble FE05C jaune5G2.5 jaune 3LNPE Type de conducteur : RE\u00d8 c\u00e2ble : 10,8 mmPoids kg\/km : 216,7Cours du cuivre LME CHF\/1000 kg &#8230;&#8230;..<\/p>\n","protected":false},"featured_media":59096,"template":"","meta":[],"product_brand":[],"product_cat":[1418,1419,1423,1384],"product_tag":[],"class_list":{"0":"post-103853","1":"product","2":"type-product","3":"status-publish","4":"has-post-thumbnail","6":"product_cat-i11-fr","7":"product_cat-i1101-fr","8":"product_cat-i11013-fr","9":"product_cat-i-fr","10":"pa_mengeneinheit-m","12":"first","13":"instock","14":"taxable","15":"shipping-taxable","16":"purchasable","17":"product-type-simple"},"_links":{"self":[{"href":"https:\/\/hantom.ch\/fr\/wp-json\/wp\/v2\/product\/103853","targetHints":{"allow":["GET"]}}],"collection":[{"href":"https:\/\/hantom.ch\/fr\/wp-json\/wp\/v2\/product"}],"about":[{"href":"https:\/\/hantom.ch\/fr\/wp-json\/wp\/v2\/types\/product"}],"wp:featuredmedia":[{"embeddable":true,"href":"https:\/\/hantom.ch\/fr\/wp-json\/wp\/v2\/media\/59096"}],"wp:attachment":[{"href":"https:\/\/hantom.ch\/fr\/wp-json\/wp\/v2\/media?parent=103853"}],"wp:term":[{"taxonomy":"product_brand","embeddable":true,"href":"https:\/\/hantom.ch\/fr\/wp-json\/wp\/v2\/product_brand?post=103853"},{"taxonomy":"product_cat","embeddable":true,"href":"https:\/\/hantom.ch\/fr\/wp-json\/wp\/v2\/product_cat?post=103853"},{"taxonomy":"product_tag","embeddable":true,"href":"https:\/\/hantom.ch\/fr\/wp-json\/wp\/v2\/product_tag?post=103853"}],"curies":[{"name":"wp","href":"https:\/\/api.w.org\/{rel}","templated":true}]}}