{"id":103859,"date":"2026-05-02T08:46:24","date_gmt":"2026-05-02T06:46:24","guid":{"rendered":"https:\/\/hantom.ch\/product\/i1101308-cable-fe05c-5x35-mm2-jaune-3lnpe\/"},"modified":"2026-04-01T10:49:23","modified_gmt":"2026-04-01T08:49:23","slug":"i1101308-cable-fe05c-5x35-mm2-jaune-3lnpe","status":"publish","type":"product","link":"https:\/\/hantom.ch\/fr\/produit\/i1101308-cable-fe05c-5x35-mm2-jaune-3lnpe\/","title":{"rendered":"I1101308 &#8211; C\u00e2ble FE05C 5&#215;35 mm2 jaune 3LNPE"},"content":{"rendered":"<p>C\u00e2ble FE05C <br \/>5G35 jaune 3LNPE <br \/>Type de conducteur : RM<br \/>\u00d8 du c\u00e2ble : 30,6 mm<br \/>Poids en kg\/km : 2232,1<br \/>Cours du cuivre LME CHF\/1000 kg &#8230;&#8230;..<\/p>\n","protected":false},"excerpt":{"rendered":"<p>C\u00e2ble FE05C 5G35 jaune 3LNPE Type de conducteur : RM\u00d8 du c\u00e2ble : 30,6 mmPoids en kg\/km : 2232,1Cours du cuivre LME CHF\/1000 kg &#8230;&#8230;..<\/p>\n","protected":false},"featured_media":59071,"template":"","meta":[],"product_brand":[],"product_cat":[1418,1419,1423,1384],"product_tag":[],"class_list":{"0":"post-103859","1":"product","2":"type-product","3":"status-publish","4":"has-post-thumbnail","6":"product_cat-i11-fr","7":"product_cat-i1101-fr","8":"product_cat-i11013-fr","9":"product_cat-i-fr","10":"pa_mengeneinheit-m","12":"first","13":"instock","14":"taxable","15":"shipping-taxable","16":"purchasable","17":"product-type-simple"},"_links":{"self":[{"href":"https:\/\/hantom.ch\/fr\/wp-json\/wp\/v2\/product\/103859","targetHints":{"allow":["GET"]}}],"collection":[{"href":"https:\/\/hantom.ch\/fr\/wp-json\/wp\/v2\/product"}],"about":[{"href":"https:\/\/hantom.ch\/fr\/wp-json\/wp\/v2\/types\/product"}],"wp:featuredmedia":[{"embeddable":true,"href":"https:\/\/hantom.ch\/fr\/wp-json\/wp\/v2\/media\/59071"}],"wp:attachment":[{"href":"https:\/\/hantom.ch\/fr\/wp-json\/wp\/v2\/media?parent=103859"}],"wp:term":[{"taxonomy":"product_brand","embeddable":true,"href":"https:\/\/hantom.ch\/fr\/wp-json\/wp\/v2\/product_brand?post=103859"},{"taxonomy":"product_cat","embeddable":true,"href":"https:\/\/hantom.ch\/fr\/wp-json\/wp\/v2\/product_cat?post=103859"},{"taxonomy":"product_tag","embeddable":true,"href":"https:\/\/hantom.ch\/fr\/wp-json\/wp\/v2\/product_tag?post=103859"}],"curies":[{"name":"wp","href":"https:\/\/api.w.org\/{rel}","templated":true}]}}