{"id":103861,"date":"2026-04-22T09:17:01","date_gmt":"2026-04-22T07:17:01","guid":{"rendered":"https:\/\/hantom.ch\/product\/i1101310-cable-fe05c-5x70-mm2-jaune-3lnpe\/"},"modified":"2026-04-01T10:49:24","modified_gmt":"2026-04-01T08:49:24","slug":"i1101310-cable-fe05c-5x70-mm2-jaune-3lnpe","status":"publish","type":"product","link":"https:\/\/hantom.ch\/fr\/produit\/i1101310-cable-fe05c-5x70-mm2-jaune-3lnpe\/","title":{"rendered":"I1101310 &#8211; C\u00e2ble FE05C 5&#215;70 mm2 jaune 3LNPE"},"content":{"rendered":"<p>C\u00e2ble FE05C <br \/>5G70 jaune 3LNPE <br \/>Type de conducteur : RM<br \/>\u00d8 c\u00e2ble : 42,9 mm<br \/>Poids kg\/km : 4454,7<br \/>Cours du cuivre LME CHF\/1000 kg &#8230;&#8230;..<\/p>\n","protected":false},"excerpt":{"rendered":"<p>C\u00e2ble FE05C 5G70 jaune 3LNPE Type de conducteur : RM\u00d8 c\u00e2ble : 42,9 mmPoids kg\/km : 4454,7Cours du cuivre LME CHF\/1000 kg &#8230;&#8230;..<\/p>\n","protected":false},"featured_media":59095,"template":"","meta":[],"product_brand":[],"product_cat":[1418,1419,1423,1384],"product_tag":[],"class_list":{"0":"post-103861","1":"product","2":"type-product","3":"status-publish","4":"has-post-thumbnail","6":"product_cat-i11-fr","7":"product_cat-i1101-fr","8":"product_cat-i11013-fr","9":"product_cat-i-fr","10":"pa_mengeneinheit-m","12":"first","13":"instock","14":"taxable","15":"shipping-taxable","16":"purchasable","17":"product-type-simple"},"_links":{"self":[{"href":"https:\/\/hantom.ch\/fr\/wp-json\/wp\/v2\/product\/103861","targetHints":{"allow":["GET"]}}],"collection":[{"href":"https:\/\/hantom.ch\/fr\/wp-json\/wp\/v2\/product"}],"about":[{"href":"https:\/\/hantom.ch\/fr\/wp-json\/wp\/v2\/types\/product"}],"wp:featuredmedia":[{"embeddable":true,"href":"https:\/\/hantom.ch\/fr\/wp-json\/wp\/v2\/media\/59095"}],"wp:attachment":[{"href":"https:\/\/hantom.ch\/fr\/wp-json\/wp\/v2\/media?parent=103861"}],"wp:term":[{"taxonomy":"product_brand","embeddable":true,"href":"https:\/\/hantom.ch\/fr\/wp-json\/wp\/v2\/product_brand?post=103861"},{"taxonomy":"product_cat","embeddable":true,"href":"https:\/\/hantom.ch\/fr\/wp-json\/wp\/v2\/product_cat?post=103861"},{"taxonomy":"product_tag","embeddable":true,"href":"https:\/\/hantom.ch\/fr\/wp-json\/wp\/v2\/product_tag?post=103861"}],"curies":[{"name":"wp","href":"https:\/\/api.w.org\/{rel}","templated":true}]}}