{"id":103918,"date":"2026-04-20T08:17:29","date_gmt":"2026-04-20T06:17:29","guid":{"rendered":"https:\/\/hantom.ch\/product\/i1401104-cfw-powercable-cps-185-95-pur-fr-typ-tn-s-d-gris-4x185-pe-95-mm2\/"},"modified":"2026-04-01T10:50:11","modified_gmt":"2026-04-01T08:50:11","slug":"i1401104-cfw-powercable-cps-185-95-pur-fr-typ-tn-s-d-gris-4x185-pe-95-mm2","status":"publish","type":"product","link":"https:\/\/hantom.ch\/fr\/produit\/i1401104-cfw-powercable-cps-185-95-pur-fr-typ-tn-s-d-gris-4x185-pe-95-mm2\/","title":{"rendered":"I1401104 &#8211; CFW PowerCable, CPS 185\/95, PUR FR Typ TN-S, d.gris, 4&#215;185\/PE 95 mm2,"},"content":{"rendered":"<p>C\u00e2ble de transformateur flexible, dispos\u00e9 sym\u00e9triquement <br \/>et toronn\u00e9, avec gaine ext\u00e9rieure.<br \/>R\u00e9pond aux exigences \u00e9lev\u00e9es en mati\u00e8re de CEM selon l&apos;ORNI<\/p>\n","protected":false},"excerpt":{"rendered":"<p>C\u00e2ble de transformateur flexible, dispos\u00e9 sym\u00e9triquement et toronn\u00e9, avec gaine ext\u00e9rieure.R\u00e9pond aux exigences \u00e9lev\u00e9es en mati\u00e8re de CEM selon l&apos;ORNI<\/p>\n","protected":false},"featured_media":34380,"template":"","meta":[],"product_brand":[],"product_cat":[1454,1456,1384,1453],"product_tag":[],"class_list":{"0":"post-103918","1":"product","2":"type-product","3":"status-publish","4":"has-post-thumbnail","6":"product_cat-i1401-fr","7":"product_cat-i14011-fr","8":"product_cat-i-fr","9":"product_cat-i14-fr","10":"pa_mengeneinheit-m","12":"first","13":"instock","14":"taxable","15":"shipping-taxable","16":"purchasable","17":"product-type-simple"},"_links":{"self":[{"href":"https:\/\/hantom.ch\/fr\/wp-json\/wp\/v2\/product\/103918","targetHints":{"allow":["GET"]}}],"collection":[{"href":"https:\/\/hantom.ch\/fr\/wp-json\/wp\/v2\/product"}],"about":[{"href":"https:\/\/hantom.ch\/fr\/wp-json\/wp\/v2\/types\/product"}],"wp:featuredmedia":[{"embeddable":true,"href":"https:\/\/hantom.ch\/fr\/wp-json\/wp\/v2\/media\/34380"}],"wp:attachment":[{"href":"https:\/\/hantom.ch\/fr\/wp-json\/wp\/v2\/media?parent=103918"}],"wp:term":[{"taxonomy":"product_brand","embeddable":true,"href":"https:\/\/hantom.ch\/fr\/wp-json\/wp\/v2\/product_brand?post=103918"},{"taxonomy":"product_cat","embeddable":true,"href":"https:\/\/hantom.ch\/fr\/wp-json\/wp\/v2\/product_cat?post=103918"},{"taxonomy":"product_tag","embeddable":true,"href":"https:\/\/hantom.ch\/fr\/wp-json\/wp\/v2\/product_tag?post=103918"}],"curies":[{"name":"wp","href":"https:\/\/api.w.org\/{rel}","templated":true}]}}