{"id":103937,"date":"2026-04-20T08:30:49","date_gmt":"2026-04-20T06:30:49","guid":{"rendered":"https:\/\/hantom.ch\/product\/i1401303-cfw-powercable-tn-s-z1-cps-150-95-fe180c-typ-tn-s-z1-orange-4x150-pe95-mm2\/"},"modified":"2026-04-01T10:50:21","modified_gmt":"2026-04-01T08:50:21","slug":"i1401303-cfw-powercable-tn-s-z1-cps-150-95-fe180c-typ-tn-s-z1-orange-4x150-pe95-mm2","status":"publish","type":"product","link":"https:\/\/hantom.ch\/fr\/produit\/i1401303-cfw-powercable-tn-s-z1-cps-150-95-fe180c-typ-tn-s-z1-orange-4x150-pe95-mm2\/","title":{"rendered":"I1401303 &#8211; CFW PowerCable, TN-S\/Z1, CPS 150\/95 FE180C Typ TN-S\/Z1, orange, 4&#215;150\/PE95 mm2"},"content":{"rendered":"<p>C\u00e2ble d&apos;installation flexible, dispos\u00e9 sym\u00e9triquement, pour des <br \/>exigences CEM \u00e9lev\u00e9es, avec une structure unique. Propri\u00e9t\u00e9s <br \/>de protection contre l&apos;incendie selon <br \/>CPR\/BauPVO B2ca s1,d1,a1, Z1+ gaine ext\u00e9rieure, +brevet CFW<\/p>\n","protected":false},"excerpt":{"rendered":"<p>C\u00e2ble d&apos;installation flexible, dispos\u00e9 sym\u00e9triquement, pour des exigences CEM \u00e9lev\u00e9es, avec une structure unique. Propri\u00e9t\u00e9s de protection contre l&apos;incendie selon CPR\/BauPVO B2ca s1,d1,a1, Z1+ gaine ext\u00e9rieure, +brevet CFW<\/p>\n","protected":false},"featured_media":34391,"template":"","meta":[],"product_brand":[],"product_cat":[1454,1458,1384,1453],"product_tag":[],"class_list":{"0":"post-103937","1":"product","2":"type-product","3":"status-publish","4":"has-post-thumbnail","6":"product_cat-i1401-fr","7":"product_cat-i14013-fr","8":"product_cat-i-fr","9":"product_cat-i14-fr","10":"pa_mengeneinheit-m","12":"first","13":"instock","14":"taxable","15":"shipping-taxable","16":"purchasable","17":"product-type-simple"},"_links":{"self":[{"href":"https:\/\/hantom.ch\/fr\/wp-json\/wp\/v2\/product\/103937","targetHints":{"allow":["GET"]}}],"collection":[{"href":"https:\/\/hantom.ch\/fr\/wp-json\/wp\/v2\/product"}],"about":[{"href":"https:\/\/hantom.ch\/fr\/wp-json\/wp\/v2\/types\/product"}],"wp:featuredmedia":[{"embeddable":true,"href":"https:\/\/hantom.ch\/fr\/wp-json\/wp\/v2\/media\/34391"}],"wp:attachment":[{"href":"https:\/\/hantom.ch\/fr\/wp-json\/wp\/v2\/media?parent=103937"}],"wp:term":[{"taxonomy":"product_brand","embeddable":true,"href":"https:\/\/hantom.ch\/fr\/wp-json\/wp\/v2\/product_brand?post=103937"},{"taxonomy":"product_cat","embeddable":true,"href":"https:\/\/hantom.ch\/fr\/wp-json\/wp\/v2\/product_cat?post=103937"},{"taxonomy":"product_tag","embeddable":true,"href":"https:\/\/hantom.ch\/fr\/wp-json\/wp\/v2\/product_tag?post=103937"}],"curies":[{"name":"wp","href":"https:\/\/api.w.org\/{rel}","templated":true}]}}