{"id":103943,"date":"2026-04-26T08:31:58","date_gmt":"2026-04-26T06:31:58","guid":{"rendered":"https:\/\/hantom.ch\/product\/i1402205-titanex-premium-trafoflex-h07rn-f-1x240mm2-90c-eca\/"},"modified":"2026-04-01T10:50:35","modified_gmt":"2026-04-01T08:50:35","slug":"i1402205-titanex-premium-trafoflex-h07rn-f-1x240mm2-90c-eca","status":"publish","type":"product","link":"https:\/\/hantom.ch\/fr\/produit\/i1402205-titanex-premium-trafoflex-h07rn-f-1x240mm2-90c-eca\/","title":{"rendered":"I1402205 &#8211; Titanex Premium Trafoflex H07RN-F 1x240mm2 \/ 90\u00b0C Eca"},"content":{"rendered":"<p>C\u00e2ble flexible pour applications industrielles, isolation et gaine ext\u00e9rieure en <br \/>\u00e9lastom\u00e8re. R\u00e9sistant \u00e0 l&apos;huile, ignifuge selon la norme CEI\/EN 60332-1-2.<br \/>Cours du cuivre LME CHF\/1000kg &#8230;<\/p>\n","protected":false},"excerpt":{"rendered":"<p>C\u00e2ble flexible pour applications industrielles, isolation et gaine ext\u00e9rieure en \u00e9lastom\u00e8re. R\u00e9sistant \u00e0 l&apos;huile, ignifuge selon la norme CEI\/EN 60332-1-2.Cours du cuivre LME CHF\/1000kg &#8230;<\/p>\n","protected":false},"featured_media":71181,"template":"","meta":[],"product_brand":[],"product_cat":[1384,1460,1461,1453],"product_tag":[],"class_list":{"0":"post-103943","1":"product","2":"type-product","3":"status-publish","4":"has-post-thumbnail","6":"product_cat-i-fr","7":"product_cat-i1402-fr","8":"product_cat-i14022-fr","9":"product_cat-i14-fr","10":"pa_mengeneinheit-m","12":"first","13":"instock","14":"taxable","15":"shipping-taxable","16":"purchasable","17":"product-type-simple"},"_links":{"self":[{"href":"https:\/\/hantom.ch\/fr\/wp-json\/wp\/v2\/product\/103943","targetHints":{"allow":["GET"]}}],"collection":[{"href":"https:\/\/hantom.ch\/fr\/wp-json\/wp\/v2\/product"}],"about":[{"href":"https:\/\/hantom.ch\/fr\/wp-json\/wp\/v2\/types\/product"}],"wp:featuredmedia":[{"embeddable":true,"href":"https:\/\/hantom.ch\/fr\/wp-json\/wp\/v2\/media\/71181"}],"wp:attachment":[{"href":"https:\/\/hantom.ch\/fr\/wp-json\/wp\/v2\/media?parent=103943"}],"wp:term":[{"taxonomy":"product_brand","embeddable":true,"href":"https:\/\/hantom.ch\/fr\/wp-json\/wp\/v2\/product_brand?post=103943"},{"taxonomy":"product_cat","embeddable":true,"href":"https:\/\/hantom.ch\/fr\/wp-json\/wp\/v2\/product_cat?post=103943"},{"taxonomy":"product_tag","embeddable":true,"href":"https:\/\/hantom.ch\/fr\/wp-json\/wp\/v2\/product_tag?post=103943"}],"curies":[{"name":"wp","href":"https:\/\/api.w.org\/{rel}","templated":true}]}}