{"id":103968,"date":"2026-04-26T08:45:29","date_gmt":"2026-04-26T06:45:29","guid":{"rendered":"https:\/\/hantom.ch\/product\/i1402332-trafo-flex-purwil-epr-pur-4x185-mm2-toronne-4lnum-gaine-exterieure\/"},"modified":"2026-04-01T10:50:56","modified_gmt":"2026-04-01T08:50:56","slug":"i1402332-trafo-flex-purwil-epr-pur-4x185-mm2-toronne-4lnum-gaine-exterieure","status":"publish","type":"product","link":"https:\/\/hantom.ch\/fr\/produit\/i1402332-trafo-flex-purwil-epr-pur-4x185-mm2-toronne-4lnum-gaine-exterieure\/","title":{"rendered":"I1402332 &#8211; Trafo Flex Purwil EPR\/PUR 4&#215;185 mm2 toronn\u00e9, 4Lnum, gaine ext\u00e9rieure"},"content":{"rendered":"<p>Purwil-Einleiter EPR\/PUR 4&#215;185 mm2 toronn\u00e9, 4L num, gris cl.5, S1BQ-F, <br \/>sans halog\u00e8ne, pour sorties secondaires de transformateur (TN-C)<br \/>avec gaine ext\u00e9rieure<br \/>Cours du cuivre LME CHF\/1000kg &#8230;&#8230;.<\/p>\n","protected":false},"excerpt":{"rendered":"<p>Purwil-Einleiter EPR\/PUR 4&#215;185 mm2 toronn\u00e9, 4L num, gris cl.5, S1BQ-F, sans halog\u00e8ne, pour sorties secondaires de transformateur (TN-C)avec gaine ext\u00e9rieureCours du cuivre LME CHF\/1000kg &#8230;&#8230;.<\/p>\n","protected":false},"featured_media":53214,"template":"","meta":[],"product_brand":[],"product_cat":[1384,1460,1462,1453],"product_tag":[],"class_list":{"0":"post-103968","1":"product","2":"type-product","3":"status-publish","4":"has-post-thumbnail","6":"product_cat-i-fr","7":"product_cat-i1402-fr","8":"product_cat-i14023-fr","9":"product_cat-i14-fr","10":"pa_mengeneinheit-m","12":"first","13":"instock","14":"taxable","15":"shipping-taxable","16":"purchasable","17":"product-type-simple"},"_links":{"self":[{"href":"https:\/\/hantom.ch\/fr\/wp-json\/wp\/v2\/product\/103968","targetHints":{"allow":["GET"]}}],"collection":[{"href":"https:\/\/hantom.ch\/fr\/wp-json\/wp\/v2\/product"}],"about":[{"href":"https:\/\/hantom.ch\/fr\/wp-json\/wp\/v2\/types\/product"}],"wp:featuredmedia":[{"embeddable":true,"href":"https:\/\/hantom.ch\/fr\/wp-json\/wp\/v2\/media\/53214"}],"wp:attachment":[{"href":"https:\/\/hantom.ch\/fr\/wp-json\/wp\/v2\/media?parent=103968"}],"wp:term":[{"taxonomy":"product_brand","embeddable":true,"href":"https:\/\/hantom.ch\/fr\/wp-json\/wp\/v2\/product_brand?post=103968"},{"taxonomy":"product_cat","embeddable":true,"href":"https:\/\/hantom.ch\/fr\/wp-json\/wp\/v2\/product_cat?post=103968"},{"taxonomy":"product_tag","embeddable":true,"href":"https:\/\/hantom.ch\/fr\/wp-json\/wp\/v2\/product_tag?post=103968"}],"curies":[{"name":"wp","href":"https:\/\/api.w.org\/{rel}","templated":true}]}}