{"id":104020,"date":"2026-04-20T08:46:38","date_gmt":"2026-04-20T06:46:38","guid":{"rendered":"https:\/\/hantom.ch\/product\/r0101239-rausspeed-manchon-detancheite-divisible-14mm\/"},"modified":"2026-04-01T10:51:34","modified_gmt":"2026-04-01T08:51:34","slug":"r0101239-rausspeed-manchon-detancheite-divisible-14mm","status":"publish","type":"product","link":"https:\/\/hantom.ch\/fr\/produit\/r0101239-rausspeed-manchon-detancheite-divisible-14mm\/","title":{"rendered":"R0101239 &#8211; RAUSSPEED manchon d&apos;\u00e9tanch\u00e9it\u00e9 divisible 14mm"},"content":{"rendered":"<p>pour diam\u00e8tre de c\u00e2ble 3.0-5.0mm<\/p>\n","protected":false},"excerpt":{"rendered":"<p>pour diam\u00e8tre de c\u00e2ble 3.0-5.0mm<\/p>\n","protected":false},"featured_media":48728,"template":"","meta":[],"product_brand":[],"product_cat":[1471,1467,1468,1466],"product_tag":[],"class_list":{"0":"post-104020","1":"product","2":"type-product","3":"status-publish","4":"has-post-thumbnail","6":"product_cat-r01012-fr","7":"product_cat-r01-fr","8":"product_cat-r0101-fr","9":"product_cat-r-fr","11":"first","12":"instock","13":"taxable","14":"shipping-taxable","15":"purchasable","16":"product-type-simple"},"_links":{"self":[{"href":"https:\/\/hantom.ch\/fr\/wp-json\/wp\/v2\/product\/104020","targetHints":{"allow":["GET"]}}],"collection":[{"href":"https:\/\/hantom.ch\/fr\/wp-json\/wp\/v2\/product"}],"about":[{"href":"https:\/\/hantom.ch\/fr\/wp-json\/wp\/v2\/types\/product"}],"wp:featuredmedia":[{"embeddable":true,"href":"https:\/\/hantom.ch\/fr\/wp-json\/wp\/v2\/media\/48728"}],"wp:attachment":[{"href":"https:\/\/hantom.ch\/fr\/wp-json\/wp\/v2\/media?parent=104020"}],"wp:term":[{"taxonomy":"product_brand","embeddable":true,"href":"https:\/\/hantom.ch\/fr\/wp-json\/wp\/v2\/product_brand?post=104020"},{"taxonomy":"product_cat","embeddable":true,"href":"https:\/\/hantom.ch\/fr\/wp-json\/wp\/v2\/product_cat?post=104020"},{"taxonomy":"product_tag","embeddable":true,"href":"https:\/\/hantom.ch\/fr\/wp-json\/wp\/v2\/product_tag?post=104020"}],"curies":[{"name":"wp","href":"https:\/\/api.w.org\/{rel}","templated":true}]}}