{"id":104024,"date":"2026-04-20T08:46:45","date_gmt":"2026-04-20T06:46:45","guid":{"rendered":"https:\/\/hantom.ch\/product\/r0101243-rausspeed-manchon-detancheite-divisible-16mm\/"},"modified":"2026-04-01T10:51:36","modified_gmt":"2026-04-01T08:51:36","slug":"r0101243-rausspeed-manchon-detancheite-divisible-16mm","status":"publish","type":"product","link":"https:\/\/hantom.ch\/fr\/produit\/r0101243-rausspeed-manchon-detancheite-divisible-16mm\/","title":{"rendered":"R0101243 &#8211; RAUSSPEED manchon d&apos;\u00e9tanch\u00e9it\u00e9 divisible 16mm"},"content":{"rendered":"<p>pour un diam\u00e8tre de c\u00e2ble de 8.0-10mm<br \/>pas pour l&apos;\u00e9tanch\u00e9it\u00e9 des tuyaux vides<\/p>\n","protected":false},"excerpt":{"rendered":"<p>pour un diam\u00e8tre de c\u00e2ble de 8.0-10mmpas pour l&apos;\u00e9tanch\u00e9it\u00e9 des tuyaux vides<\/p>\n","protected":false},"featured_media":59354,"template":"","meta":[],"product_brand":[],"product_cat":[1471,1467,1468,1466],"product_tag":[],"class_list":{"0":"post-104024","1":"product","2":"type-product","3":"status-publish","4":"has-post-thumbnail","6":"product_cat-r01012-fr","7":"product_cat-r01-fr","8":"product_cat-r0101-fr","9":"product_cat-r-fr","11":"first","12":"instock","13":"taxable","14":"shipping-taxable","15":"purchasable","16":"product-type-simple"},"_links":{"self":[{"href":"https:\/\/hantom.ch\/fr\/wp-json\/wp\/v2\/product\/104024","targetHints":{"allow":["GET"]}}],"collection":[{"href":"https:\/\/hantom.ch\/fr\/wp-json\/wp\/v2\/product"}],"about":[{"href":"https:\/\/hantom.ch\/fr\/wp-json\/wp\/v2\/types\/product"}],"wp:featuredmedia":[{"embeddable":true,"href":"https:\/\/hantom.ch\/fr\/wp-json\/wp\/v2\/media\/59354"}],"wp:attachment":[{"href":"https:\/\/hantom.ch\/fr\/wp-json\/wp\/v2\/media?parent=104024"}],"wp:term":[{"taxonomy":"product_brand","embeddable":true,"href":"https:\/\/hantom.ch\/fr\/wp-json\/wp\/v2\/product_brand?post=104024"},{"taxonomy":"product_cat","embeddable":true,"href":"https:\/\/hantom.ch\/fr\/wp-json\/wp\/v2\/product_cat?post=104024"},{"taxonomy":"product_tag","embeddable":true,"href":"https:\/\/hantom.ch\/fr\/wp-json\/wp\/v2\/product_tag?post=104024"}],"curies":[{"name":"wp","href":"https:\/\/api.w.org\/{rel}","templated":true}]}}