{"id":104043,"date":"2026-04-22T10:02:41","date_gmt":"2026-04-22T08:02:41","guid":{"rendered":"https:\/\/hantom.ch\/product\/r0101291-rauspeed-plaquette-didentification-pour-tubes-5-12-mm\/"},"modified":"2026-04-01T10:51:51","modified_gmt":"2026-04-01T08:51:51","slug":"r0101291-rauspeed-plaquette-didentification-pour-tubes-5-12-mm","status":"publish","type":"product","link":"https:\/\/hantom.ch\/fr\/produit\/r0101291-rauspeed-plaquette-didentification-pour-tubes-5-12-mm\/","title":{"rendered":"R0101291 &#8211; RAUSPEED plaquette d&apos;identification pour tubes 5-12 mm"},"content":{"rendered":"<p>Plaque d&apos;identification combin\u00e9e avec embout<br \/>\u00e9tag\u00e9e pour tubes de microc\u00e2bles 5-12mm <br \/>1 pi\u00e8ce<\/p>\n","protected":false},"excerpt":{"rendered":"<p>Plaque d&apos;identification combin\u00e9e avec embout\u00e9tag\u00e9e pour tubes de microc\u00e2bles 5-12mm 1 pi\u00e8ce<\/p>\n","protected":false},"featured_media":58991,"template":"","meta":[],"product_brand":[],"product_cat":[1471,1467,1468,1466],"product_tag":[],"class_list":{"0":"post-104043","1":"product","2":"type-product","3":"status-publish","4":"has-post-thumbnail","6":"product_cat-r01012-fr","7":"product_cat-r01-fr","8":"product_cat-r0101-fr","9":"product_cat-r-fr","11":"first","12":"instock","13":"taxable","14":"shipping-taxable","15":"purchasable","16":"product-type-simple"},"_links":{"self":[{"href":"https:\/\/hantom.ch\/fr\/wp-json\/wp\/v2\/product\/104043","targetHints":{"allow":["GET"]}}],"collection":[{"href":"https:\/\/hantom.ch\/fr\/wp-json\/wp\/v2\/product"}],"about":[{"href":"https:\/\/hantom.ch\/fr\/wp-json\/wp\/v2\/types\/product"}],"wp:featuredmedia":[{"embeddable":true,"href":"https:\/\/hantom.ch\/fr\/wp-json\/wp\/v2\/media\/58991"}],"wp:attachment":[{"href":"https:\/\/hantom.ch\/fr\/wp-json\/wp\/v2\/media?parent=104043"}],"wp:term":[{"taxonomy":"product_brand","embeddable":true,"href":"https:\/\/hantom.ch\/fr\/wp-json\/wp\/v2\/product_brand?post=104043"},{"taxonomy":"product_cat","embeddable":true,"href":"https:\/\/hantom.ch\/fr\/wp-json\/wp\/v2\/product_cat?post=104043"},{"taxonomy":"product_tag","embeddable":true,"href":"https:\/\/hantom.ch\/fr\/wp-json\/wp\/v2\/product_tag?post=104043"}],"curies":[{"name":"wp","href":"https:\/\/api.w.org\/{rel}","templated":true}]}}