{"id":104046,"date":"2026-04-22T10:32:09","date_gmt":"2026-04-22T08:32:09","guid":{"rendered":"https:\/\/hantom.ch\/product\/r0302002-systeme-detancheite-okt-autogonflable-coussin-detancheite-okt-90-adapte-pour-tube-en-pe-80-12\/"},"modified":"2026-04-01T10:51:56","modified_gmt":"2026-04-01T08:51:56","slug":"r0302002-systeme-detancheite-okt-autogonflable-coussin-detancheite-okt-90-adapte-pour-tube-en-pe-80-12","status":"publish","type":"product","link":"https:\/\/hantom.ch\/fr\/produit\/r0302002-systeme-detancheite-okt-autogonflable-coussin-detancheite-okt-90-adapte-pour-tube-en-pe-80-12\/","title":{"rendered":"R0302002 &#8211; Syst\u00e8me d&apos;\u00e9tanch\u00e9it\u00e9 OKT, autogonflable Coussin d&apos;\u00e9tanch\u00e9it\u00e9 OKT 90, adapt\u00e9 pour tube en PE 80 (12)"},"content":{"rendered":"<p>Pour l&apos;\u00e9tanch\u00e9it\u00e9 des c\u00e2bles dans des tubes en PE,<br \/>des carottages ou des tubes de cuvelage.<\/p>\n<p>&#8211; Tube\/carottage 75-90 mm<br \/>&#8211; 1 c\u00e2ble 12-70 mm<\/p>\n<p>y compris 1 x lubrifiant<\/p>\n<p>Paquet de 12 pi\u00e8ces<\/p>\n","protected":false},"excerpt":{"rendered":"<p>Pour l&apos;\u00e9tanch\u00e9it\u00e9 des c\u00e2bles dans des tubes en PE,des carottages ou des tubes de cuvelage. &#8211; Tube\/carottage 75-90 mm&#8211; 1 c\u00e2ble 12-70 mm y compris 1 x lubrifiant Paquet de 12 pi\u00e8ces<\/p>\n","protected":false},"featured_media":66795,"template":"","meta":[],"product_brand":[],"product_cat":[1489,1478,1466],"product_tag":[],"class_list":{"0":"post-104046","1":"product","2":"type-product","3":"status-publish","4":"has-post-thumbnail","6":"product_cat-r0302-fr","7":"product_cat-r03-fr","8":"product_cat-r-fr","10":"first","11":"instock","12":"taxable","13":"shipping-taxable","14":"purchasable","15":"product-type-simple"},"_links":{"self":[{"href":"https:\/\/hantom.ch\/fr\/wp-json\/wp\/v2\/product\/104046","targetHints":{"allow":["GET"]}}],"collection":[{"href":"https:\/\/hantom.ch\/fr\/wp-json\/wp\/v2\/product"}],"about":[{"href":"https:\/\/hantom.ch\/fr\/wp-json\/wp\/v2\/types\/product"}],"wp:featuredmedia":[{"embeddable":true,"href":"https:\/\/hantom.ch\/fr\/wp-json\/wp\/v2\/media\/66795"}],"wp:attachment":[{"href":"https:\/\/hantom.ch\/fr\/wp-json\/wp\/v2\/media?parent=104046"}],"wp:term":[{"taxonomy":"product_brand","embeddable":true,"href":"https:\/\/hantom.ch\/fr\/wp-json\/wp\/v2\/product_brand?post=104046"},{"taxonomy":"product_cat","embeddable":true,"href":"https:\/\/hantom.ch\/fr\/wp-json\/wp\/v2\/product_cat?post=104046"},{"taxonomy":"product_tag","embeddable":true,"href":"https:\/\/hantom.ch\/fr\/wp-json\/wp\/v2\/product_tag?post=104046"}],"curies":[{"name":"wp","href":"https:\/\/api.w.org\/{rel}","templated":true}]}}