{"id":104051,"date":"2026-04-11T09:31:24","date_gmt":"2026-04-11T07:31:24","guid":{"rendered":"https:\/\/hantom.ch\/product\/r0302102-systeme-detancheite-okt-autogonflable-etoile-detancheite-taille-l-pour-coussin-detancheite-okt-5\/"},"modified":"2026-04-01T10:51:58","modified_gmt":"2026-04-01T08:51:58","slug":"r0302102-systeme-detancheite-okt-autogonflable-etoile-detancheite-taille-l-pour-coussin-detancheite-okt-5","status":"publish","type":"product","link":"https:\/\/hantom.ch\/fr\/produit\/r0302102-systeme-detancheite-okt-autogonflable-etoile-detancheite-taille-l-pour-coussin-detancheite-okt-5\/","title":{"rendered":"R0302102 &#8211; Syst\u00e8me d&apos;\u00e9tanch\u00e9it\u00e9 OKT, autogonflable Etoile d&apos;\u00e9tanch\u00e9it\u00e9, taille L, pour coussin d&apos;\u00e9tanch\u00e9it\u00e9 OKT (5)"},"content":{"rendered":"<p>Pour l&apos;\u00e9tanch\u00e9it\u00e9 jusqu&apos;\u00e0 4 c\u00e2bles<br \/>\u00e0 l&apos;int\u00e9rieur d&apos;un coussin d&apos;\u00e9tanch\u00e9it\u00e9 OKT.<br \/>Convient pour OKT 80\/90<br \/>Paquet de 5 pi\u00e8ces<\/p>\n","protected":false},"excerpt":{"rendered":"<p>Pour l&apos;\u00e9tanch\u00e9it\u00e9 jusqu&apos;\u00e0 4 c\u00e2bles\u00e0 l&apos;int\u00e9rieur d&apos;un coussin d&apos;\u00e9tanch\u00e9it\u00e9 OKT.Convient pour OKT 80\/90Paquet de 5 pi\u00e8ces<\/p>\n","protected":false},"featured_media":66796,"template":"","meta":[],"product_brand":[],"product_cat":[1489,1478,1466],"product_tag":[],"class_list":{"0":"post-104051","1":"product","2":"type-product","3":"status-publish","4":"has-post-thumbnail","6":"product_cat-r0302-fr","7":"product_cat-r03-fr","8":"product_cat-r-fr","10":"first","11":"instock","12":"taxable","13":"shipping-taxable","14":"purchasable","15":"product-type-simple"},"_links":{"self":[{"href":"https:\/\/hantom.ch\/fr\/wp-json\/wp\/v2\/product\/104051","targetHints":{"allow":["GET"]}}],"collection":[{"href":"https:\/\/hantom.ch\/fr\/wp-json\/wp\/v2\/product"}],"about":[{"href":"https:\/\/hantom.ch\/fr\/wp-json\/wp\/v2\/types\/product"}],"wp:featuredmedia":[{"embeddable":true,"href":"https:\/\/hantom.ch\/fr\/wp-json\/wp\/v2\/media\/66796"}],"wp:attachment":[{"href":"https:\/\/hantom.ch\/fr\/wp-json\/wp\/v2\/media?parent=104051"}],"wp:term":[{"taxonomy":"product_brand","embeddable":true,"href":"https:\/\/hantom.ch\/fr\/wp-json\/wp\/v2\/product_brand?post=104051"},{"taxonomy":"product_cat","embeddable":true,"href":"https:\/\/hantom.ch\/fr\/wp-json\/wp\/v2\/product_cat?post=104051"},{"taxonomy":"product_tag","embeddable":true,"href":"https:\/\/hantom.ch\/fr\/wp-json\/wp\/v2\/product_tag?post=104051"}],"curies":[{"name":"wp","href":"https:\/\/api.w.org\/{rel}","templated":true}]}}