{"id":104053,"date":"2026-04-22T10:32:20","date_gmt":"2026-04-22T08:32:20","guid":{"rendered":"https:\/\/hantom.ch\/product\/r0302201-systeme-detancheite-okt-autogonflable-lubrifiant-pour-coussin-detancheite-okt-10\/"},"modified":"2026-04-01T10:51:59","modified_gmt":"2026-04-01T08:51:59","slug":"r0302201-systeme-detancheite-okt-autogonflable-lubrifiant-pour-coussin-detancheite-okt-10","status":"publish","type":"product","link":"https:\/\/hantom.ch\/fr\/produit\/r0302201-systeme-detancheite-okt-autogonflable-lubrifiant-pour-coussin-detancheite-okt-10\/","title":{"rendered":"R0302201 &#8211; Syst\u00e8me d&apos;\u00e9tanch\u00e9it\u00e9 OKT, autogonflable Lubrifiant pour coussin d&apos;\u00e9tanch\u00e9it\u00e9 OKT (10)"},"content":{"rendered":"<p>Permet un montage pr\u00e9cautionneux et<br \/>plus simple du coussin d&apos;\u00e9tanch\u00e9it\u00e9<\/p>\n<p>Paquet de 10 pi\u00e8ces<\/p>\n","protected":false},"excerpt":{"rendered":"<p>Permet un montage pr\u00e9cautionneux etplus simple du coussin d&apos;\u00e9tanch\u00e9it\u00e9 Paquet de 10 pi\u00e8ces<\/p>\n","protected":false},"featured_media":70109,"template":"","meta":[],"product_brand":[],"product_cat":[1489,1478,1466],"product_tag":[],"class_list":{"0":"post-104053","1":"product","2":"type-product","3":"status-publish","4":"has-post-thumbnail","6":"product_cat-r0302-fr","7":"product_cat-r03-fr","8":"product_cat-r-fr","10":"first","11":"instock","12":"taxable","13":"shipping-taxable","14":"purchasable","15":"product-type-simple"},"_links":{"self":[{"href":"https:\/\/hantom.ch\/fr\/wp-json\/wp\/v2\/product\/104053","targetHints":{"allow":["GET"]}}],"collection":[{"href":"https:\/\/hantom.ch\/fr\/wp-json\/wp\/v2\/product"}],"about":[{"href":"https:\/\/hantom.ch\/fr\/wp-json\/wp\/v2\/types\/product"}],"wp:featuredmedia":[{"embeddable":true,"href":"https:\/\/hantom.ch\/fr\/wp-json\/wp\/v2\/media\/70109"}],"wp:attachment":[{"href":"https:\/\/hantom.ch\/fr\/wp-json\/wp\/v2\/media?parent=104053"}],"wp:term":[{"taxonomy":"product_brand","embeddable":true,"href":"https:\/\/hantom.ch\/fr\/wp-json\/wp\/v2\/product_brand?post=104053"},{"taxonomy":"product_cat","embeddable":true,"href":"https:\/\/hantom.ch\/fr\/wp-json\/wp\/v2\/product_cat?post=104053"},{"taxonomy":"product_tag","embeddable":true,"href":"https:\/\/hantom.ch\/fr\/wp-json\/wp\/v2\/product_tag?post=104053"}],"curies":[{"name":"wp","href":"https:\/\/api.w.org\/{rel}","templated":true}]}}