{"id":104055,"date":"2026-04-22T11:16:17","date_gmt":"2026-04-22T09:16:17","guid":{"rendered":"https:\/\/hantom.ch\/product\/r0306002-systeme-detancheite-waterfix-mousse-expansive-400-ml-15\/"},"modified":"2026-04-01T10:52:04","modified_gmt":"2026-04-01T08:52:04","slug":"r0306002-systeme-detancheite-waterfix-mousse-expansive-400-ml-15","status":"publish","type":"product","link":"https:\/\/hantom.ch\/fr\/produit\/r0306002-systeme-detancheite-waterfix-mousse-expansive-400-ml-15\/","title":{"rendered":"R0306002 &#8211; Syst\u00e8me d&apos;\u00e9tanch\u00e9it\u00e9 WATERFIX\u00ae Mousse expansive 320 ml (15)"},"content":{"rendered":"<p>convient pour l&apos;\u00e9tanch\u00e9it\u00e9 de tout type de travers\u00e9e de tuyaux, <br \/>de puits, etc., l\u00e0 o\u00f9 d&apos;autres syst\u00e8mes \u00e9chouent.<br \/>\u00e9tanche \u00e0 l&apos;eau, au gaz et \u00e0 l&apos;huile jusqu&apos;\u00e0 1 bar de pression,<br \/>15 bo\u00eetes de 320 ml, y compris 30 buses m\u00e9langeuses<\/p>\n","protected":false},"excerpt":{"rendered":"<p>convient pour l&apos;\u00e9tanch\u00e9it\u00e9 de tout type de travers\u00e9e de tuyaux, de puits, etc., l\u00e0 o\u00f9 d&apos;autres syst\u00e8mes \u00e9chouent.\u00e9tanche \u00e0 l&apos;eau, au gaz et \u00e0 l&apos;huile jusqu&apos;\u00e0 1 bar de pression,15 bo\u00eetes de 320 ml, y compris 30 buses m\u00e9langeuses<\/p>\n","protected":false},"featured_media":71333,"template":"","meta":[],"product_brand":[],"product_cat":[1501,1478,1466],"product_tag":[],"class_list":{"0":"post-104055","1":"product","2":"type-product","3":"status-publish","4":"has-post-thumbnail","6":"product_cat-r03060-fr","7":"product_cat-r03-fr","8":"product_cat-r-fr","10":"first","11":"instock","12":"taxable","13":"shipping-taxable","14":"purchasable","15":"product-type-simple"},"_links":{"self":[{"href":"https:\/\/hantom.ch\/fr\/wp-json\/wp\/v2\/product\/104055","targetHints":{"allow":["GET"]}}],"collection":[{"href":"https:\/\/hantom.ch\/fr\/wp-json\/wp\/v2\/product"}],"about":[{"href":"https:\/\/hantom.ch\/fr\/wp-json\/wp\/v2\/types\/product"}],"wp:featuredmedia":[{"embeddable":true,"href":"https:\/\/hantom.ch\/fr\/wp-json\/wp\/v2\/media\/71333"}],"wp:attachment":[{"href":"https:\/\/hantom.ch\/fr\/wp-json\/wp\/v2\/media?parent=104055"}],"wp:term":[{"taxonomy":"product_brand","embeddable":true,"href":"https:\/\/hantom.ch\/fr\/wp-json\/wp\/v2\/product_brand?post=104055"},{"taxonomy":"product_cat","embeddable":true,"href":"https:\/\/hantom.ch\/fr\/wp-json\/wp\/v2\/product_cat?post=104055"},{"taxonomy":"product_tag","embeddable":true,"href":"https:\/\/hantom.ch\/fr\/wp-json\/wp\/v2\/product_tag?post=104055"}],"curies":[{"name":"wp","href":"https:\/\/api.w.org\/{rel}","templated":true}]}}