{"id":104057,"date":"2026-04-20T09:46:57","date_gmt":"2026-04-20T07:46:57","guid":{"rendered":"https:\/\/hantom.ch\/product\/r0306004-systeme-detancheite-waterfix-primer-waterfix-p-250ml-12\/"},"modified":"2026-04-01T10:52:05","modified_gmt":"2026-04-01T08:52:05","slug":"r0306004-systeme-detancheite-waterfix-primer-waterfix-p-250ml-12","status":"publish","type":"product","link":"https:\/\/hantom.ch\/fr\/produit\/r0306004-systeme-detancheite-waterfix-primer-waterfix-p-250ml-12\/","title":{"rendered":"R0306004 &#8211; Syst\u00e8me d&apos;\u00e9tanch\u00e9it\u00e9 WATERFIX\u00ae Primer WATERFIX-P\u00ae 250ml (12)"},"content":{"rendered":"<p>Agent adh\u00e9sif pour mousse sp\u00e9ciale WATERFIX\u00ae.<br \/>Pour le pr\u00e9traitement et le nettoyage des tuyaux ou c\u00e2bles en PE et PP<br \/>1 pack de 12 bo\u00eetes \u00e0 250ml<\/p>\n","protected":false},"excerpt":{"rendered":"<p>Agent adh\u00e9sif pour mousse sp\u00e9ciale WATERFIX\u00ae.Pour le pr\u00e9traitement et le nettoyage des tuyaux ou c\u00e2bles en PE et PP1 pack de 12 bo\u00eetes \u00e0 250ml<\/p>\n","protected":false},"featured_media":75037,"template":"","meta":[],"product_brand":[],"product_cat":[1501,1478,1466],"product_tag":[],"class_list":{"0":"post-104057","1":"product","2":"type-product","3":"status-publish","4":"has-post-thumbnail","6":"product_cat-r03060-fr","7":"product_cat-r03-fr","8":"product_cat-r-fr","10":"first","11":"instock","12":"taxable","13":"shipping-taxable","14":"purchasable","15":"product-type-simple"},"_links":{"self":[{"href":"https:\/\/hantom.ch\/fr\/wp-json\/wp\/v2\/product\/104057","targetHints":{"allow":["GET"]}}],"collection":[{"href":"https:\/\/hantom.ch\/fr\/wp-json\/wp\/v2\/product"}],"about":[{"href":"https:\/\/hantom.ch\/fr\/wp-json\/wp\/v2\/types\/product"}],"wp:featuredmedia":[{"embeddable":true,"href":"https:\/\/hantom.ch\/fr\/wp-json\/wp\/v2\/media\/75037"}],"wp:attachment":[{"href":"https:\/\/hantom.ch\/fr\/wp-json\/wp\/v2\/media?parent=104057"}],"wp:term":[{"taxonomy":"product_brand","embeddable":true,"href":"https:\/\/hantom.ch\/fr\/wp-json\/wp\/v2\/product_brand?post=104057"},{"taxonomy":"product_cat","embeddable":true,"href":"https:\/\/hantom.ch\/fr\/wp-json\/wp\/v2\/product_cat?post=104057"},{"taxonomy":"product_tag","embeddable":true,"href":"https:\/\/hantom.ch\/fr\/wp-json\/wp\/v2\/product_tag?post=104057"}],"curies":[{"name":"wp","href":"https:\/\/api.w.org\/{rel}","templated":true}]}}