{"id":104058,"date":"2026-04-20T09:47:01","date_gmt":"2026-04-20T07:47:01","guid":{"rendered":"https:\/\/hantom.ch\/product\/r0306012-systeme-detancheite-waterfix-buses-de-melange-de-rechange-waterfix-d-15\/"},"modified":"2026-04-01T10:52:05","modified_gmt":"2026-04-01T08:52:05","slug":"r0306012-systeme-detancheite-waterfix-buses-de-melange-de-rechange-waterfix-d-15","status":"publish","type":"product","link":"https:\/\/hantom.ch\/fr\/produit\/r0306012-systeme-detancheite-waterfix-buses-de-melange-de-rechange-waterfix-d-15\/","title":{"rendered":"R0306012 &#8211; Syst\u00e8me d&apos;\u00e9tanch\u00e9it\u00e9 WATERFIX\u00ae Buses de m\u00e9lange de rechange WATERFIX-D\u00ae (15)"},"content":{"rendered":"<p>Buse m\u00e9langeuse de rechange pour mousse <br \/>expansive WATERFIX\u00ae.<br \/>15 pi\u00e8ces<\/p>\n","protected":false},"excerpt":{"rendered":"<p>Buse m\u00e9langeuse de rechange pour mousse expansive WATERFIX\u00ae.15 pi\u00e8ces<\/p>\n","protected":false},"featured_media":75038,"template":"","meta":[],"product_brand":[],"product_cat":[1501,1478,1466],"product_tag":[],"class_list":{"0":"post-104058","1":"product","2":"type-product","3":"status-publish","4":"has-post-thumbnail","6":"product_cat-r03060-fr","7":"product_cat-r03-fr","8":"product_cat-r-fr","10":"first","11":"instock","12":"taxable","13":"shipping-taxable","14":"purchasable","15":"product-type-simple"},"_links":{"self":[{"href":"https:\/\/hantom.ch\/fr\/wp-json\/wp\/v2\/product\/104058","targetHints":{"allow":["GET"]}}],"collection":[{"href":"https:\/\/hantom.ch\/fr\/wp-json\/wp\/v2\/product"}],"about":[{"href":"https:\/\/hantom.ch\/fr\/wp-json\/wp\/v2\/types\/product"}],"wp:featuredmedia":[{"embeddable":true,"href":"https:\/\/hantom.ch\/fr\/wp-json\/wp\/v2\/media\/75038"}],"wp:attachment":[{"href":"https:\/\/hantom.ch\/fr\/wp-json\/wp\/v2\/media?parent=104058"}],"wp:term":[{"taxonomy":"product_brand","embeddable":true,"href":"https:\/\/hantom.ch\/fr\/wp-json\/wp\/v2\/product_brand?post=104058"},{"taxonomy":"product_cat","embeddable":true,"href":"https:\/\/hantom.ch\/fr\/wp-json\/wp\/v2\/product_cat?post=104058"},{"taxonomy":"product_tag","embeddable":true,"href":"https:\/\/hantom.ch\/fr\/wp-json\/wp\/v2\/product_tag?post=104058"}],"curies":[{"name":"wp","href":"https:\/\/api.w.org\/{rel}","templated":true}]}}