{"id":104061,"date":"2026-04-18T09:46:40","date_gmt":"2026-04-18T07:46:40","guid":{"rendered":"https:\/\/hantom.ch\/product\/r0401011-cordon-de-tirage-pp-jaune-bobine-a-rebord-500m-4mm-torsade-metre\/"},"modified":"2026-04-01T10:52:06","modified_gmt":"2026-04-01T08:52:06","slug":"r0401011-cordon-de-tirage-pp-jaune-bobine-a-rebord-500m-4mm-torsade-metre","status":"publish","type":"product","link":"https:\/\/hantom.ch\/fr\/produit\/r0401011-cordon-de-tirage-pp-jaune-bobine-a-rebord-500m-4mm-torsade-metre\/","title":{"rendered":"R0401011 &#8211; Cordon de tirage PP jaune Bobine \u00e0 rebord, 500m, 4mm torsad\u00e9, gradu\u00e9"},"content":{"rendered":"<p>Cordon de tirage gradu\u00e9, 4mm PP jaune double retors triple,<br \/>bobine \u00e0 rebord de 500m, <br \/>r\u00e9sistance 340kg<\/p>\n","protected":false},"excerpt":{"rendered":"<p>Cordon de tirage gradu\u00e9, 4mm PP jaune double retors triple,bobine \u00e0 rebord de 500m, r\u00e9sistance 340kg<\/p>\n","protected":false},"featured_media":45122,"template":"","meta":[],"product_brand":[],"product_cat":[1503,1504,1466],"product_tag":[],"class_list":{"0":"post-104061","1":"product","2":"type-product","3":"status-publish","4":"has-post-thumbnail","6":"product_cat-r04-fr","7":"product_cat-r0401-fr","8":"product_cat-r-fr","10":"first","11":"instock","12":"taxable","13":"shipping-taxable","14":"purchasable","15":"product-type-simple"},"_links":{"self":[{"href":"https:\/\/hantom.ch\/fr\/wp-json\/wp\/v2\/product\/104061","targetHints":{"allow":["GET"]}}],"collection":[{"href":"https:\/\/hantom.ch\/fr\/wp-json\/wp\/v2\/product"}],"about":[{"href":"https:\/\/hantom.ch\/fr\/wp-json\/wp\/v2\/types\/product"}],"wp:featuredmedia":[{"embeddable":true,"href":"https:\/\/hantom.ch\/fr\/wp-json\/wp\/v2\/media\/45122"}],"wp:attachment":[{"href":"https:\/\/hantom.ch\/fr\/wp-json\/wp\/v2\/media?parent=104061"}],"wp:term":[{"taxonomy":"product_brand","embeddable":true,"href":"https:\/\/hantom.ch\/fr\/wp-json\/wp\/v2\/product_brand?post=104061"},{"taxonomy":"product_cat","embeddable":true,"href":"https:\/\/hantom.ch\/fr\/wp-json\/wp\/v2\/product_cat?post=104061"},{"taxonomy":"product_tag","embeddable":true,"href":"https:\/\/hantom.ch\/fr\/wp-json\/wp\/v2\/product_tag?post=104061"}],"curies":[{"name":"wp","href":"https:\/\/api.w.org\/{rel}","templated":true}]}}