{"id":104064,"date":"2026-04-18T09:46:45","date_gmt":"2026-04-18T07:46:45","guid":{"rendered":"https:\/\/hantom.ch\/product\/r0401031-cordon-de-tirage-pp-jaune-cordon-de-tirage-4mm-torsade-sac-500m-metre\/"},"modified":"2026-04-01T10:52:08","modified_gmt":"2026-04-01T08:52:08","slug":"r0401031-cordon-de-tirage-pp-jaune-cordon-de-tirage-4mm-torsade-sac-500m-metre","status":"publish","type":"product","link":"https:\/\/hantom.ch\/fr\/produit\/r0401031-cordon-de-tirage-pp-jaune-cordon-de-tirage-4mm-torsade-sac-500m-metre\/","title":{"rendered":"R0401031 &#8211; Cordon de tirage PP jaune Cordon de tirage 4mm torsad\u00e9 (sac, 500m) gradu\u00e9"},"content":{"rendered":"<p>Cordon de tirage 4 mm PP jaune, double retors triple, gradu\u00e9<br \/>sans bobine dans un plastique soud\u00e9, 500 m, <br \/>r\u00e9sistance \u00e0 la traction 340 kg<\/p>\n","protected":false},"excerpt":{"rendered":"<p>Cordon de tirage 4 mm PP jaune, double retors triple, gradu\u00e9sans bobine dans un plastique soud\u00e9, 500 m, r\u00e9sistance \u00e0 la traction 340 kg<\/p>\n","protected":false},"featured_media":45123,"template":"","meta":[],"product_brand":[],"product_cat":[1503,1504,1466],"product_tag":[],"class_list":{"0":"post-104064","1":"product","2":"type-product","3":"status-publish","4":"has-post-thumbnail","6":"product_cat-r04-fr","7":"product_cat-r0401-fr","8":"product_cat-r-fr","10":"first","11":"instock","12":"taxable","13":"shipping-taxable","14":"purchasable","15":"product-type-simple"},"_links":{"self":[{"href":"https:\/\/hantom.ch\/fr\/wp-json\/wp\/v2\/product\/104064","targetHints":{"allow":["GET"]}}],"collection":[{"href":"https:\/\/hantom.ch\/fr\/wp-json\/wp\/v2\/product"}],"about":[{"href":"https:\/\/hantom.ch\/fr\/wp-json\/wp\/v2\/types\/product"}],"wp:featuredmedia":[{"embeddable":true,"href":"https:\/\/hantom.ch\/fr\/wp-json\/wp\/v2\/media\/45123"}],"wp:attachment":[{"href":"https:\/\/hantom.ch\/fr\/wp-json\/wp\/v2\/media?parent=104064"}],"wp:term":[{"taxonomy":"product_brand","embeddable":true,"href":"https:\/\/hantom.ch\/fr\/wp-json\/wp\/v2\/product_brand?post=104064"},{"taxonomy":"product_cat","embeddable":true,"href":"https:\/\/hantom.ch\/fr\/wp-json\/wp\/v2\/product_cat?post=104064"},{"taxonomy":"product_tag","embeddable":true,"href":"https:\/\/hantom.ch\/fr\/wp-json\/wp\/v2\/product_tag?post=104064"}],"curies":[{"name":"wp","href":"https:\/\/api.w.org\/{rel}","templated":true}]}}