{"id":104067,"date":"2026-04-18T09:46:50","date_gmt":"2026-04-18T07:46:50","guid":{"rendered":"https:\/\/hantom.ch\/product\/r0401111-cordon-de-tirage-pp-jaune-bobine-a-rebord-1000m-4mm-torsade-metre\/"},"modified":"2026-04-01T10:52:12","modified_gmt":"2026-04-01T08:52:12","slug":"r0401111-cordon-de-tirage-pp-jaune-bobine-a-rebord-1000m-4mm-torsade-metre","status":"publish","type":"product","link":"https:\/\/hantom.ch\/fr\/produit\/r0401111-cordon-de-tirage-pp-jaune-bobine-a-rebord-1000m-4mm-torsade-metre\/","title":{"rendered":"R0401111 &#8211; Cordon de tirage PP jaune Bobine \u00e0 rebord, 1000m, 4mm torsad\u00e9, gradu\u00e9"},"content":{"rendered":"<p>Cordon de tirage 4mm PP jaune double retors triple,<br \/>Bobine \u00e0 rebord de 1000m, gradu\u00e9<br \/>r\u00e9sistance \u00e0 la traction: 340kg<\/p>\n","protected":false},"excerpt":{"rendered":"<p>Cordon de tirage 4mm PP jaune double retors triple,Bobine \u00e0 rebord de 1000m, gradu\u00e9r\u00e9sistance \u00e0 la traction: 340kg<\/p>\n","protected":false},"featured_media":48634,"template":"","meta":[],"product_brand":[],"product_cat":[1503,1504,1466],"product_tag":[],"class_list":{"0":"post-104067","1":"product","2":"type-product","3":"status-publish","4":"has-post-thumbnail","6":"product_cat-r04-fr","7":"product_cat-r0401-fr","8":"product_cat-r-fr","10":"first","11":"instock","12":"taxable","13":"shipping-taxable","14":"purchasable","15":"product-type-simple"},"_links":{"self":[{"href":"https:\/\/hantom.ch\/fr\/wp-json\/wp\/v2\/product\/104067","targetHints":{"allow":["GET"]}}],"collection":[{"href":"https:\/\/hantom.ch\/fr\/wp-json\/wp\/v2\/product"}],"about":[{"href":"https:\/\/hantom.ch\/fr\/wp-json\/wp\/v2\/types\/product"}],"wp:featuredmedia":[{"embeddable":true,"href":"https:\/\/hantom.ch\/fr\/wp-json\/wp\/v2\/media\/48634"}],"wp:attachment":[{"href":"https:\/\/hantom.ch\/fr\/wp-json\/wp\/v2\/media?parent=104067"}],"wp:term":[{"taxonomy":"product_brand","embeddable":true,"href":"https:\/\/hantom.ch\/fr\/wp-json\/wp\/v2\/product_brand?post=104067"},{"taxonomy":"product_cat","embeddable":true,"href":"https:\/\/hantom.ch\/fr\/wp-json\/wp\/v2\/product_cat?post=104067"},{"taxonomy":"product_tag","embeddable":true,"href":"https:\/\/hantom.ch\/fr\/wp-json\/wp\/v2\/product_tag?post=104067"}],"curies":[{"name":"wp","href":"https:\/\/api.w.org\/{rel}","templated":true}]}}