{"id":104071,"date":"2026-04-18T09:46:57","date_gmt":"2026-04-18T07:46:57","guid":{"rendered":"https:\/\/hantom.ch\/product\/r0401301-cordon-de-tirage-pp-orange-bobine-a-rebord-300m-6mm-torsade\/"},"modified":"2026-04-01T10:52:14","modified_gmt":"2026-04-01T08:52:14","slug":"r0401301-cordon-de-tirage-pp-orange-bobine-a-rebord-300m-6mm-torsade","status":"publish","type":"product","link":"https:\/\/hantom.ch\/fr\/produit\/r0401301-cordon-de-tirage-pp-orange-bobine-a-rebord-300m-6mm-torsade\/","title":{"rendered":"R0401301 &#8211; Cordon de tirage PP orange Bobine \u00e0 rebord, 300m, 6mm torsad\u00e9"},"content":{"rendered":"<p>Cordon de tirage 6mm, torsad\u00e9, couleur orange<br \/>Bobine \u00e0 rebord de 300m, r\u00e9sistance \u00e0 la traction: 600 kg<\/p>\n","protected":false},"excerpt":{"rendered":"<p>Cordon de tirage 6mm, torsad\u00e9, couleur orangeBobine \u00e0 rebord de 300m, r\u00e9sistance \u00e0 la traction: 600 kg<\/p>\n","protected":false},"featured_media":75044,"template":"","meta":[],"product_brand":[],"product_cat":[1503,1504,1466],"product_tag":[],"class_list":{"0":"post-104071","1":"product","2":"type-product","3":"status-publish","4":"has-post-thumbnail","6":"product_cat-r04-fr","7":"product_cat-r0401-fr","8":"product_cat-r-fr","10":"first","11":"instock","12":"taxable","13":"shipping-taxable","14":"purchasable","15":"product-type-simple"},"_links":{"self":[{"href":"https:\/\/hantom.ch\/fr\/wp-json\/wp\/v2\/product\/104071","targetHints":{"allow":["GET"]}}],"collection":[{"href":"https:\/\/hantom.ch\/fr\/wp-json\/wp\/v2\/product"}],"about":[{"href":"https:\/\/hantom.ch\/fr\/wp-json\/wp\/v2\/types\/product"}],"wp:featuredmedia":[{"embeddable":true,"href":"https:\/\/hantom.ch\/fr\/wp-json\/wp\/v2\/media\/75044"}],"wp:attachment":[{"href":"https:\/\/hantom.ch\/fr\/wp-json\/wp\/v2\/media?parent=104071"}],"wp:term":[{"taxonomy":"product_brand","embeddable":true,"href":"https:\/\/hantom.ch\/fr\/wp-json\/wp\/v2\/product_brand?post=104071"},{"taxonomy":"product_cat","embeddable":true,"href":"https:\/\/hantom.ch\/fr\/wp-json\/wp\/v2\/product_cat?post=104071"},{"taxonomy":"product_tag","embeddable":true,"href":"https:\/\/hantom.ch\/fr\/wp-json\/wp\/v2\/product_tag?post=104071"}],"curies":[{"name":"wp","href":"https:\/\/api.w.org\/{rel}","templated":true}]}}