{"id":104072,"date":"2026-04-18T09:46:59","date_gmt":"2026-04-18T07:46:59","guid":{"rendered":"https:\/\/hantom.ch\/product\/r0401311-cordon-de-tirage-polyester-blanc-bobine-a-rebord-500m-6mm-tisse\/"},"modified":"2026-04-01T10:52:14","modified_gmt":"2026-04-01T08:52:14","slug":"r0401311-cordon-de-tirage-polyester-blanc-bobine-a-rebord-500m-6mm-tisse","status":"publish","type":"product","link":"https:\/\/hantom.ch\/fr\/produit\/r0401311-cordon-de-tirage-polyester-blanc-bobine-a-rebord-500m-6mm-tisse\/","title":{"rendered":"R0401311 &#8211; Cordon de tirage polyester blanc Bobine \u00e0 rebord, 500m, 6mm tiss\u00e9"},"content":{"rendered":"<p>Cordon de tirage, 6mm blanc, tiss\u00e9<br \/>bobine \u00e0 rebord de 500m, <br \/>r\u00e9sistance \u00e0 la traction: 800kg<\/p>\n","protected":false},"excerpt":{"rendered":"<p>Cordon de tirage, 6mm blanc, tiss\u00e9bobine \u00e0 rebord de 500m, r\u00e9sistance \u00e0 la traction: 800kg<\/p>\n","protected":false},"featured_media":70695,"template":"","meta":[],"product_brand":[],"product_cat":[1503,1504,1466],"product_tag":[],"class_list":{"0":"post-104072","1":"product","2":"type-product","3":"status-publish","4":"has-post-thumbnail","6":"product_cat-r04-fr","7":"product_cat-r0401-fr","8":"product_cat-r-fr","10":"first","11":"instock","12":"taxable","13":"shipping-taxable","14":"purchasable","15":"product-type-simple"},"_links":{"self":[{"href":"https:\/\/hantom.ch\/fr\/wp-json\/wp\/v2\/product\/104072","targetHints":{"allow":["GET"]}}],"collection":[{"href":"https:\/\/hantom.ch\/fr\/wp-json\/wp\/v2\/product"}],"about":[{"href":"https:\/\/hantom.ch\/fr\/wp-json\/wp\/v2\/types\/product"}],"wp:featuredmedia":[{"embeddable":true,"href":"https:\/\/hantom.ch\/fr\/wp-json\/wp\/v2\/media\/70695"}],"wp:attachment":[{"href":"https:\/\/hantom.ch\/fr\/wp-json\/wp\/v2\/media?parent=104072"}],"wp:term":[{"taxonomy":"product_brand","embeddable":true,"href":"https:\/\/hantom.ch\/fr\/wp-json\/wp\/v2\/product_brand?post=104072"},{"taxonomy":"product_cat","embeddable":true,"href":"https:\/\/hantom.ch\/fr\/wp-json\/wp\/v2\/product_cat?post=104072"},{"taxonomy":"product_tag","embeddable":true,"href":"https:\/\/hantom.ch\/fr\/wp-json\/wp\/v2\/product_tag?post=104072"}],"curies":[{"name":"wp","href":"https:\/\/api.w.org\/{rel}","templated":true}]}}