{"id":104084,"date":"2026-04-22T11:17:22","date_gmt":"2026-04-22T09:17:22","guid":{"rendered":"https:\/\/hantom.ch\/product\/t2001303-nexans-nano-high-fiber-count-le-576-t12-ggt-900-nano-g657a1-200-%ce%bcm\/"},"modified":"2026-04-01T10:52:22","modified_gmt":"2026-04-01T08:52:22","slug":"t2001303-nexans-nano-high-fiber-count-le-576-t12-ggt-900-nano-g657a1-200-%ce%bcm","status":"publish","type":"product","link":"https:\/\/hantom.ch\/fr\/produit\/t2001303-nexans-nano-high-fiber-count-le-576-t12-ggt-900-nano-g657a1-200-%ce%bcm\/","title":{"rendered":"T2001303 &#8211; Nexans Nano High Fiber Count LE 576\/T12 GGT\/900 NANO G657A1\/200 \u03bcm"},"content":{"rendered":"<p>C\u00e2ble LM <br \/>C\u00e2ble de mise \u00e0 la terre\/c\u00e2ble d&apos;insufflation sans m\u00e9tal avec une tr\u00e8s grande capacit\u00e9 de fibres :<br \/>Armature de traction sans m\u00e9tal<br \/>\u00c9tanche \u00e0 l&apos;eau dans le sens longitudinal<br \/>Acc\u00e8s facile aux fibres (piquage optique\/d\u00e9rivation)<\/p>\n","protected":false},"excerpt":{"rendered":"<p>C\u00e2ble LM C\u00e2ble de mise \u00e0 la terre\/c\u00e2ble d&apos;insufflation sans m\u00e9tal avec une tr\u00e8s grande capacit\u00e9 de fibres :Armature de traction sans m\u00e9tal\u00c9tanche \u00e0 l&apos;eau dans le sens longitudinalAcc\u00e8s facile aux fibres (piquage optique\/d\u00e9rivation)<\/p>\n","protected":false},"featured_media":59018,"template":"","meta":[],"product_brand":[],"product_cat":[1512,1509,1507,1508],"product_tag":[],"class_list":{"0":"post-104084","1":"product","2":"type-product","3":"status-publish","4":"has-post-thumbnail","6":"product_cat-t20013-fr","7":"product_cat-t2001-fr","8":"product_cat-t-fr","9":"product_cat-t20-fr","10":"pa_mengeneinheit-m","12":"first","13":"instock","14":"taxable","15":"shipping-taxable","16":"purchasable","17":"product-type-simple"},"_links":{"self":[{"href":"https:\/\/hantom.ch\/fr\/wp-json\/wp\/v2\/product\/104084","targetHints":{"allow":["GET"]}}],"collection":[{"href":"https:\/\/hantom.ch\/fr\/wp-json\/wp\/v2\/product"}],"about":[{"href":"https:\/\/hantom.ch\/fr\/wp-json\/wp\/v2\/types\/product"}],"wp:featuredmedia":[{"embeddable":true,"href":"https:\/\/hantom.ch\/fr\/wp-json\/wp\/v2\/media\/59018"}],"wp:attachment":[{"href":"https:\/\/hantom.ch\/fr\/wp-json\/wp\/v2\/media?parent=104084"}],"wp:term":[{"taxonomy":"product_brand","embeddable":true,"href":"https:\/\/hantom.ch\/fr\/wp-json\/wp\/v2\/product_brand?post=104084"},{"taxonomy":"product_cat","embeddable":true,"href":"https:\/\/hantom.ch\/fr\/wp-json\/wp\/v2\/product_cat?post=104084"},{"taxonomy":"product_tag","embeddable":true,"href":"https:\/\/hantom.ch\/fr\/wp-json\/wp\/v2\/product_tag?post=104084"}],"curies":[{"name":"wp","href":"https:\/\/api.w.org\/{rel}","templated":true}]}}