{"id":104091,"date":"2026-04-23T11:16:56","date_gmt":"2026-04-23T09:16:56","guid":{"rendered":"https:\/\/hantom.ch\/product\/t2001404-ccm-microcable-pe-5-4mm-2x12-9-125-bk-or\/"},"modified":"2026-04-01T10:52:29","modified_gmt":"2026-04-01T08:52:29","slug":"t2001404-ccm-microcable-pe-5-4mm-2x12-9-125-bk-or","status":"publish","type":"product","link":"https:\/\/hantom.ch\/fr\/produit\/t2001404-ccm-microcable-pe-5-4mm-2x12-9-125-bk-or\/","title":{"rendered":"T2001404 &#8211; CCM MicroCable PE 5.4mm 2&#215;12 9\/125 BK\/OR"},"content":{"rendered":"<p>MicroCable pour l&apos;ext\u00e9rieur, \u00e0 souffler dans des tuyaux, construction<br \/> \u00e0 \u00e2me centrale, sans m\u00e9tal, \u00e9tanche \u00e0 l&apos;eau dans le sens de la longueur, noir<\/p>\n","protected":false},"excerpt":{"rendered":"<p>MicroCable pour l&apos;ext\u00e9rieur, \u00e0 souffler dans des tuyaux, construction \u00e0 \u00e2me centrale, sans m\u00e9tal, \u00e9tanche \u00e0 l&apos;eau dans le sens de la longueur, noir<\/p>\n","protected":false},"featured_media":58524,"template":"","meta":[],"product_brand":[],"product_cat":[1509,1513,1507,1508],"product_tag":[],"class_list":{"0":"post-104091","1":"product","2":"type-product","3":"status-publish","4":"has-post-thumbnail","6":"product_cat-t2001-fr","7":"product_cat-t20014-fr","8":"product_cat-t-fr","9":"product_cat-t20-fr","10":"pa_mengeneinheit-m","12":"first","13":"instock","14":"taxable","15":"shipping-taxable","16":"purchasable","17":"product-type-simple"},"_links":{"self":[{"href":"https:\/\/hantom.ch\/fr\/wp-json\/wp\/v2\/product\/104091","targetHints":{"allow":["GET"]}}],"collection":[{"href":"https:\/\/hantom.ch\/fr\/wp-json\/wp\/v2\/product"}],"about":[{"href":"https:\/\/hantom.ch\/fr\/wp-json\/wp\/v2\/types\/product"}],"wp:featuredmedia":[{"embeddable":true,"href":"https:\/\/hantom.ch\/fr\/wp-json\/wp\/v2\/media\/58524"}],"wp:attachment":[{"href":"https:\/\/hantom.ch\/fr\/wp-json\/wp\/v2\/media?parent=104091"}],"wp:term":[{"taxonomy":"product_brand","embeddable":true,"href":"https:\/\/hantom.ch\/fr\/wp-json\/wp\/v2\/product_brand?post=104091"},{"taxonomy":"product_cat","embeddable":true,"href":"https:\/\/hantom.ch\/fr\/wp-json\/wp\/v2\/product_cat?post=104091"},{"taxonomy":"product_tag","embeddable":true,"href":"https:\/\/hantom.ch\/fr\/wp-json\/wp\/v2\/product_tag?post=104091"}],"curies":[{"name":"wp","href":"https:\/\/api.w.org\/{rel}","templated":true}]}}