{"id":104097,"date":"2026-04-21T10:15:40","date_gmt":"2026-04-21T08:15:40","guid":{"rendered":"https:\/\/hantom.ch\/product\/t2001410-ccm-microcable-pe-9-3mm-24x12-9-125-bk-or\/"},"modified":"2026-04-01T10:52:34","modified_gmt":"2026-04-01T08:52:34","slug":"t2001410-ccm-microcable-pe-9-3mm-24x12-9-125-bk-or","status":"publish","type":"product","link":"https:\/\/hantom.ch\/fr\/produit\/t2001410-ccm-microcable-pe-9-3mm-24x12-9-125-bk-or\/","title":{"rendered":"T2001410 &#8211; CCM MicroCable PE 9.3mm 24&#215;12 9\/125 BK\/OR"},"content":{"rendered":"<p>MicroCable pour l&apos;ext\u00e9rieur, \u00e0 souffler dans les tuyaux, construction \u00e0 \u00e2me centrale, <br \/>sans m\u00e9tal, \u00e9tanche \u00e0 l&apos;eau dans le sens de la longueur, noir avec bande orange<\/p>\n","protected":false},"excerpt":{"rendered":"<p>MicroCable pour l&apos;ext\u00e9rieur, \u00e0 souffler dans les tuyaux, construction \u00e0 \u00e2me centrale, sans m\u00e9tal, \u00e9tanche \u00e0 l&apos;eau dans le sens de la longueur, noir avec bande orange<\/p>\n","protected":false},"featured_media":58613,"template":"","meta":[],"product_brand":[],"product_cat":[1509,1513,1507,1508],"product_tag":[],"class_list":{"0":"post-104097","1":"product","2":"type-product","3":"status-publish","4":"has-post-thumbnail","6":"product_cat-t2001-fr","7":"product_cat-t20014-fr","8":"product_cat-t-fr","9":"product_cat-t20-fr","10":"pa_mengeneinheit-m","12":"first","13":"instock","14":"taxable","15":"shipping-taxable","16":"purchasable","17":"product-type-simple"},"_links":{"self":[{"href":"https:\/\/hantom.ch\/fr\/wp-json\/wp\/v2\/product\/104097","targetHints":{"allow":["GET"]}}],"collection":[{"href":"https:\/\/hantom.ch\/fr\/wp-json\/wp\/v2\/product"}],"about":[{"href":"https:\/\/hantom.ch\/fr\/wp-json\/wp\/v2\/types\/product"}],"wp:featuredmedia":[{"embeddable":true,"href":"https:\/\/hantom.ch\/fr\/wp-json\/wp\/v2\/media\/58613"}],"wp:attachment":[{"href":"https:\/\/hantom.ch\/fr\/wp-json\/wp\/v2\/media?parent=104097"}],"wp:term":[{"taxonomy":"product_brand","embeddable":true,"href":"https:\/\/hantom.ch\/fr\/wp-json\/wp\/v2\/product_brand?post=104097"},{"taxonomy":"product_cat","embeddable":true,"href":"https:\/\/hantom.ch\/fr\/wp-json\/wp\/v2\/product_cat?post=104097"},{"taxonomy":"product_tag","embeddable":true,"href":"https:\/\/hantom.ch\/fr\/wp-json\/wp\/v2\/product_tag?post=104097"}],"curies":[{"name":"wp","href":"https:\/\/api.w.org\/{rel}","templated":true}]}}